{"id":344,"date":"2025-06-15T10:03:54","date_gmt":"2025-06-15T08:03:54","guid":{"rendered":"https:\/\/mf.kreativo-media.de\/?page_id=344"},"modified":"2025-06-15T10:06:33","modified_gmt":"2025-06-15T08:06:33","slug":"induktoren-fertigung","status":"publish","type":"page","link":"https:\/\/www.mf-schirmbrand.de\/en\/mechanische-fertigung\/induktoren-fertigung\/","title":{"rendered":"Inductor production"},"content":{"rendered":"<div data-elementor-type=\"wp-page\" data-elementor-id=\"344\" class=\"elementor elementor-344\" data-elementor-post-type=\"page\">\n\t\t\t\t<div class=\"elementor-element elementor-element-8c05a7d e-flex e-con-boxed e-con e-parent\" data-id=\"8c05a7d\" data-element_type=\"container\" data-settings=\"{&quot;background_background&quot;:&quot;classic&quot;,&quot;shape_divider_bottom&quot;:&quot;pyramids&quot;}\">\n\t\t\t\t\t<div class=\"e-con-inner\">\n\t\t\t\t<div class=\"elementor-shape elementor-shape-bottom\" aria-hidden=\"true\" data-negative=\"false\">\n\t\t\t<svg xmlns=\"http:\/\/www.w3.org\/2000\/svg\" viewbox=\"0 0 1000 100\" preserveaspectratio=\"none\">\n\t<path class=\"elementor-shape-fill\" d=\"M761.9,44.1L643.1,27.2L333.8,98L0,3.8V0l1000,0v3.9\"\/>\n<\/svg>\t\t<\/div>\n\t\t<div class=\"elementor-element elementor-element-11ac9dd e-con-full e-flex e-con e-child\" data-id=\"11ac9dd\" data-element_type=\"container\">\n\t\t\t\t<div class=\"elementor-element elementor-element-6bab27e elementor-widget elementor-widget-heading\" data-id=\"6bab27e\" data-element_type=\"widget\" data-widget_type=\"heading.default\">\n\t\t\t\t\t<h2 class=\"elementor-heading-title elementor-size-default\">Inductor production<\/h2>\t\t\t\t<\/div>\n\t\t\t\t<div class=\"elementor-element elementor-element-ce4ecd6 elementor-widget elementor-widget-heading\" data-id=\"ce4ecd6\" data-element_type=\"widget\" data-widget_type=\"heading.default\">\n\t\t\t\t\t<h2 class=\"elementor-heading-title elementor-size-default\">Mechanical production<\/h2>\t\t\t\t<\/div>\n\t\t\t\t<\/div>\n\t\t<div class=\"elementor-element elementor-element-ee4aaa6 e-con-full e-flex e-con e-child\" data-id=\"ee4aaa6\" data-element_type=\"container\">\n\t\t\t\t<\/div>\n\t\t\t\t\t<\/div>\n\t\t\t\t<\/div>\n\t\t<div class=\"elementor-element elementor-element-d0cd8da e-flex e-con-boxed e-con e-parent\" data-id=\"d0cd8da\" data-element_type=\"container\">\n\t\t\t\t\t<div class=\"e-con-inner\">\n\t\t\t\t<div class=\"elementor-element elementor-element-897b191 elementor-widget elementor-widget-button\" data-id=\"897b191\" data-element_type=\"widget\" data-widget_type=\"button.default\">\n\t\t\t\t\t\t\t\t\t\t<a class=\"elementor-button elementor-button-link elementor-size-sm\" href=\"\/en\/mechanische-fertigung\/\">\n\t\t\t\t\t\t<span class=\"elementor-button-content-wrapper\">\n\t\t\t\t\t\t<span class=\"elementor-button-icon\">\n\t\t\t\t<i aria-hidden=\"true\" class=\"icon icon-arrow_left\"><\/i>\t\t\t<\/span>\n\t\t\t\t\t\t\t\t\t<span class=\"elementor-button-text\">back to overview<\/span>\n\t\t\t\t\t<\/span>\n\t\t\t\t\t<\/a>\n\t\t\t\t\t\t\t\t<\/div>\n\t\t\t\t\t<\/div>\n\t\t\t\t<\/div>\n\t\t<div class=\"elementor-element elementor-element-177d1b6 e-flex e-con-boxed e-con e-parent\" data-id=\"177d1b6\" data-element_type=\"container\">\n\t\t\t\t\t<div class=\"e-con-inner\">\n\t\t<div class=\"elementor-element elementor-element-8230f1d e-con-full e-flex e-con e-child\" data-id=\"8230f1d\" data-element_type=\"container\">\n\t\t\t\t<div class=\"elementor-element elementor-element-9282972 elementor-widget elementor-widget-heading\" data-id=\"9282972\" data-element_type=\"widget\" data-widget_type=\"heading.default\">\n\t\t\t\t\t<h3 class=\"elementor-heading-title elementor-size-default\">MF umbrella fire<\/h3>\t\t\t\t<\/div>\n\t\t\t\t<div class=\"elementor-element elementor-element-702a56c elementor-widget elementor-widget-heading\" data-id=\"702a56c\" data-element_type=\"widget\" data-widget_type=\"heading.default\">\n\t\t\t\t\t<h2 class=\"elementor-heading-title elementor-size-default\">Inductors with precision - manufactured for the highest demands.<\/h2>\t\t\t\t<\/div>\n\t\t\t\t<div class=\"elementor-element elementor-element-840a16c elementor-widget elementor-widget-text-editor\" data-id=\"840a16c\" data-element_type=\"widget\" data-widget_type=\"text-editor.default\">\n\t\t\t\t\t\t\t\t\t<p><strong>We manufacture and repair your inductors &amp; coils - according to your specific requirements:<br \/><\/strong>From prototype to series production, we are happy to provide you with our expertise and skills.<\/p><p><strong>Bending:<br \/><\/strong>Whether for generators or inductor and coil construction, we can bend various tube diameters with our tube bending machine for conventional copper and stainless steel tubes.<\/p>\t\t\t\t\t\t\t\t<\/div>\n\t\t\t\t<div class=\"elementor-element elementor-element-3987bc9 gallery-spacing-custom elementor-widget elementor-widget-image-gallery\" data-id=\"3987bc9\" data-element_type=\"widget\" data-widget_type=\"image-gallery.default\">\n\t\t\t\t\t\t\t<div class=\"elementor-image-gallery\">\n\t\t\t<div id='gallery-1' class='gallery galleryid-344 gallery-columns-2 gallery-size-medium_large'><figure class='gallery-item'>\n\t\t\t<div class='gallery-icon landscape'>\n\t\t\t\t<a data-elementor-open-lightbox=\"yes\" data-elementor-lightbox-slideshow=\"3987bc9\" data-elementor-lightbox-title=\"Induktoren Fertigung\" data-e-action-hash=\"#elementor-action%3Aaction%3Dlightbox%26settings%3DeyJpZCI6MzQ2LCJ1cmwiOiJodHRwczpcL1wvd3d3Lm1mLXNjaGlybWJyYW5kLmRlXC93cC1jb250ZW50XC91cGxvYWRzXC8yMDI1XC8wNlwvaW5kdWt0b3JlbjIuanBnIiwic2xpZGVzaG93IjoiMzk4N2JjOSJ9\" href='https:\/\/www.mf-schirmbrand.de\/wp-content\/uploads\/2025\/06\/induktoren2.jpg'><img fetchpriority=\"high\" decoding=\"async\" width=\"560\" height=\"300\" src=\"https:\/\/www.mf-schirmbrand.de\/wp-content\/uploads\/2025\/06\/induktoren2.jpg\" class=\"attachment-medium_large size-medium_large\" alt=\"Induktoren Fertigung\" aria-describedby=\"gallery-1-346\" srcset=\"https:\/\/www.mf-schirmbrand.de\/wp-content\/uploads\/2025\/06\/induktoren2.jpg 560w, https:\/\/www.mf-schirmbrand.de\/wp-content\/uploads\/2025\/06\/induktoren2-300x161.jpg 300w\" sizes=\"(max-width: 560px) 100vw, 560px\" \/><\/a>\n\t\t\t<\/div>\n\t\t\t\t<figcaption class='wp-caption-text gallery-caption' id='gallery-1-346'>\n\t\t\t\tInductor production\n\t\t\t\t<\/figcaption><\/figure><figure class='gallery-item'>\n\t\t\t<div class='gallery-icon landscape'>\n\t\t\t\t<a data-elementor-open-lightbox=\"yes\" data-elementor-lightbox-slideshow=\"3987bc9\" data-elementor-lightbox-title=\"Induktoren Fertigung\" data-e-action-hash=\"#elementor-action%3Aaction%3Dlightbox%26settings%3DeyJpZCI6MzQ3LCJ1cmwiOiJodHRwczpcL1wvd3d3Lm1mLXNjaGlybWJyYW5kLmRlXC93cC1jb250ZW50XC91cGxvYWRzXC8yMDI1XC8wNlwvaW5kdWt0b3JlbjMtMS5qcGciLCJzbGlkZXNob3ciOiIzOTg3YmM5In0%3D\" href='https:\/\/www.mf-schirmbrand.de\/wp-content\/uploads\/2025\/06\/induktoren3-1.jpg'><img decoding=\"async\" width=\"560\" height=\"300\" src=\"https:\/\/www.mf-schirmbrand.de\/wp-content\/uploads\/2025\/06\/induktoren3-1.jpg\" class=\"attachment-medium_large size-medium_large\" alt=\"Induktoren Fertigung\" aria-describedby=\"gallery-1-347\" srcset=\"https:\/\/www.mf-schirmbrand.de\/wp-content\/uploads\/2025\/06\/induktoren3-1.jpg 560w, https:\/\/www.mf-schirmbrand.de\/wp-content\/uploads\/2025\/06\/induktoren3-1-300x161.jpg 300w\" sizes=\"(max-width: 560px) 100vw, 560px\" \/><\/a>\n\t\t\t<\/div>\n\t\t\t\t<figcaption class='wp-caption-text gallery-caption' id='gallery-1-347'>\n\t\t\t\tInductor production\n\t\t\t\t<\/figcaption><\/figure><figure class='gallery-item'>\n\t\t\t<div class='gallery-icon landscape'>\n\t\t\t\t<a data-elementor-open-lightbox=\"yes\" data-elementor-lightbox-slideshow=\"3987bc9\" data-elementor-lightbox-title=\"Induktoren Fertigung\" data-e-action-hash=\"#elementor-action%3Aaction%3Dlightbox%26settings%3DeyJpZCI6MzQ4LCJ1cmwiOiJodHRwczpcL1wvd3d3Lm1mLXNjaGlybWJyYW5kLmRlXC93cC1jb250ZW50XC91cGxvYWRzXC8yMDI1XC8wNlwvaW5kdWt0b3JlbjQuanBnIiwic2xpZGVzaG93IjoiMzk4N2JjOSJ9\" href='https:\/\/www.mf-schirmbrand.de\/wp-content\/uploads\/2025\/06\/induktoren4.jpg'><img decoding=\"async\" width=\"560\" height=\"300\" src=\"https:\/\/www.mf-schirmbrand.de\/wp-content\/uploads\/2025\/06\/induktoren4.jpg\" class=\"attachment-medium_large size-medium_large\" alt=\"Induktoren Fertigung\" aria-describedby=\"gallery-1-348\" srcset=\"https:\/\/www.mf-schirmbrand.de\/wp-content\/uploads\/2025\/06\/induktoren4.jpg 560w, https:\/\/www.mf-schirmbrand.de\/wp-content\/uploads\/2025\/06\/induktoren4-300x161.jpg 300w\" sizes=\"(max-width: 560px) 100vw, 560px\" \/><\/a>\n\t\t\t<\/div>\n\t\t\t\t<figcaption class='wp-caption-text gallery-caption' id='gallery-1-348'>\n\t\t\t\tInductor production\n\t\t\t\t<\/figcaption><\/figure><figure class='gallery-item'>\n\t\t\t<div class='gallery-icon landscape'>\n\t\t\t\t<a data-elementor-open-lightbox=\"yes\" data-elementor-lightbox-slideshow=\"3987bc9\" data-elementor-lightbox-title=\"Induktoren Fertigung\" data-e-action-hash=\"#elementor-action%3Aaction%3Dlightbox%26settings%3DeyJpZCI6MzQ5LCJ1cmwiOiJodHRwczpcL1wvd3d3Lm1mLXNjaGlybWJyYW5kLmRlXC93cC1jb250ZW50XC91cGxvYWRzXC8yMDI1XC8wNlwvVHJhZm8xLmpwZyIsInNsaWRlc2hvdyI6IjM5ODdiYzkifQ%3D%3D\" href='https:\/\/www.mf-schirmbrand.de\/wp-content\/uploads\/2025\/06\/Trafo1.jpg'><img loading=\"lazy\" decoding=\"async\" width=\"560\" height=\"300\" src=\"https:\/\/www.mf-schirmbrand.de\/wp-content\/uploads\/2025\/06\/Trafo1.jpg\" class=\"attachment-medium_large size-medium_large\" alt=\"Induktoren Fertigung\" aria-describedby=\"gallery-1-349\" srcset=\"https:\/\/www.mf-schirmbrand.de\/wp-content\/uploads\/2025\/06\/Trafo1.jpg 560w, https:\/\/www.mf-schirmbrand.de\/wp-content\/uploads\/2025\/06\/Trafo1-300x161.jpg 300w\" sizes=\"(max-width: 560px) 100vw, 560px\" \/><\/a>\n\t\t\t<\/div>\n\t\t\t\t<figcaption class='wp-caption-text gallery-caption' id='gallery-1-349'>\n\t\t\t\tInductor production\n\t\t\t\t<\/figcaption><\/figure>\n\t\t<\/div>\n\t\t<\/div>\n\t\t\t\t\t\t<\/div>\n\t\t\t\t<\/div>\n\t\t<div class=\"elementor-element elementor-element-0d7087c e-con-full e-flex e-con e-child\" data-id=\"0d7087c\" data-element_type=\"container\">\n\t\t\t\t<div class=\"elementor-element elementor-element-f887191 elementor-widget elementor-widget-heading\" data-id=\"f887191\" data-element_type=\"widget\" data-widget_type=\"heading.default\">\n\t\t\t\t\t<h2 class=\"elementor-heading-title elementor-size-default\">Contact us<\/h2>\t\t\t\t<\/div>\n\t\t\t\t<div class=\"elementor-element elementor-element-37e78e4 elementor-widget elementor-widget-shortcode\" data-id=\"37e78e4\" data-element_type=\"widget\" data-widget_type=\"shortcode.default\">\n\t\t\t\t\t\t\t<div class=\"elementor-shortcode\">\t\t<div data-elementor-type=\"section\" data-elementor-id=\"311\" class=\"elementor elementor-311\" data-elementor-post-type=\"elementor_library\">\n\t\t\t<div class=\"elementor-element elementor-element-55ead52 e-flex e-con-boxed e-con e-parent\" data-id=\"55ead52\" data-element_type=\"container\">\n\t\t\t\t\t<div class=\"e-con-inner\">\n\t\t\t\t<div class=\"elementor-element elementor-element-ba183d2 elementor-widget elementor-widget-text-editor\" data-id=\"ba183d2\" data-element_type=\"widget\" data-widget_type=\"text-editor.default\">\n\t\t\t\t\t\t\t\t\t<p><strong>MF Schirmbrand GmbH &amp; Co. KG<\/strong><br \/>L\u00fctzelbergstrasse 13<br \/>79369 Wyhl a.K.<\/p>\t\t\t\t\t\t\t\t<\/div>\n\t\t\t\t<div class=\"elementor-element elementor-element-ae8d730 elementor-icon-list--layout-traditional elementor-list-item-link-full_width elementor-widget elementor-widget-icon-list\" data-id=\"ae8d730\" data-element_type=\"widget\" data-widget_type=\"icon-list.default\">\n\t\t\t\t\t\t\t<ul class=\"elementor-icon-list-items\">\n\t\t\t\t\t\t\t<li class=\"elementor-icon-list-item\">\n\t\t\t\t\t\t\t\t\t\t\t<a href=\"tel:004976429202390\">\n\n\t\t\t\t\t\t\t\t\t\t\t\t<span class=\"elementor-icon-list-icon\">\n\t\t\t\t\t\t\t<i aria-hidden=\"true\" class=\"icon icon-phone\"><\/i>\t\t\t\t\t\t<\/span>\n\t\t\t\t\t\t\t\t\t\t<span class=\"elementor-icon-list-text\">+49 (0) 76 42 \/ 920 239-0<\/span>\n\t\t\t\t\t\t\t\t\t\t\t<\/a>\n\t\t\t\t\t\t\t\t\t<\/li>\n\t\t\t\t\t\t\t\t<li class=\"elementor-icon-list-item\">\n\t\t\t\t\t\t\t\t\t\t\t<span class=\"elementor-icon-list-icon\">\n\t\t\t\t\t\t\t<i aria-hidden=\"true\" class=\"icon icon-documents\"><\/i>\t\t\t\t\t\t<\/span>\n\t\t\t\t\t\t\t\t\t\t<span class=\"elementor-icon-list-text\">+49 (0) 76 42 \/ 920 239-10<\/span>\n\t\t\t\t\t\t\t\t\t<\/li>\n\t\t\t\t\t\t\t\t<li class=\"elementor-icon-list-item\">\n\t\t\t\t\t\t\t\t\t\t\t<a href=\"mailto:info@mf-schirmbrand.de\">\n\n\t\t\t\t\t\t\t\t\t\t\t\t<span class=\"elementor-icon-list-icon\">\n\t\t\t\t\t\t\t<i aria-hidden=\"true\" class=\"icon icon-email\"><\/i>\t\t\t\t\t\t<\/span>\n\t\t\t\t\t\t\t\t\t\t<span class=\"elementor-icon-list-text\">info@mf-schirmbrand.de<\/span>\n\t\t\t\t\t\t\t\t\t\t\t<\/a>\n\t\t\t\t\t\t\t\t\t<\/li>\n\t\t\t\t\t\t<\/ul>\n\t\t\t\t\t\t<\/div>\n\t\t\t\t\t<\/div>\n\t\t\t\t<\/div>\n\t\t\t\t<\/div>\n\t\t<\/div>\n\t\t\t\t\t\t<\/div>\n\t\t\t\t<\/div>\n\t\t\t\t\t<\/div>\n\t\t\t\t<\/div>\n\t\t\t\t<\/div>","protected":false},"excerpt":{"rendered":"<p>Induktoren Fertigung Mechanische Fertigung zur\u00fcck zur \u00dcbersicht MF Schirmbrand Induktoren mit Pr\u00e4zision \u2013 gefertigt f\u00fcr h\u00f6chste Anspr\u00fcche. Wir fertigen und reparieren Ihre Induktoren &amp; Spulen &#8211; nach Ihren spezifischen Anforderungen:Vom Prototyp bis zur Serienfertigung stehen wir Ihnen mit unserem Fachwissen und K\u00f6nnen gerne zur Verf\u00fcgung. Biegen:Ob f\u00fcr Generatoren oder den Induktoren- und Spulenbau, wir k\u00f6nnen [&hellip;]<\/p>","protected":false},"author":1,"featured_media":0,"parent":277,"menu_order":0,"comment_status":"closed","ping_status":"closed","template":"","meta":{"_acf_changed":false,"footnotes":""},"class_list":["post-344","page","type-page","status-publish","hentry"],"acf":[],"_links":{"self":[{"href":"https:\/\/www.mf-schirmbrand.de\/en\/wp-json\/wp\/v2\/pages\/344","targetHints":{"allow":["GET"]}}],"collection":[{"href":"https:\/\/www.mf-schirmbrand.de\/en\/wp-json\/wp\/v2\/pages"}],"about":[{"href":"https:\/\/www.mf-schirmbrand.de\/en\/wp-json\/wp\/v2\/types\/page"}],"author":[{"embeddable":true,"href":"https:\/\/www.mf-schirmbrand.de\/en\/wp-json\/wp\/v2\/users\/1"}],"replies":[{"embeddable":true,"href":"https:\/\/www.mf-schirmbrand.de\/en\/wp-json\/wp\/v2\/comments?post=344"}],"version-history":[{"count":4,"href":"https:\/\/www.mf-schirmbrand.de\/en\/wp-json\/wp\/v2\/pages\/344\/revisions"}],"predecessor-version":[{"id":353,"href":"https:\/\/www.mf-schirmbrand.de\/en\/wp-json\/wp\/v2\/pages\/344\/revisions\/353"}],"up":[{"embeddable":true,"href":"https:\/\/www.mf-schirmbrand.de\/en\/wp-json\/wp\/v2\/pages\/277"}],"wp:attachment":[{"href":"https:\/\/www.mf-schirmbrand.de\/en\/wp-json\/wp\/v2\/media?parent=344"}],"curies":[{"name":"wp","href":"https:\/\/api.w.org\/{rel}","templated":true}]}}