{"id":220,"date":"2025-06-14T15:59:40","date_gmt":"2025-06-14T13:59:40","guid":{"rendered":"https:\/\/mf.kreativo-media.de\/?page_id=220"},"modified":"2025-06-14T16:16:31","modified_gmt":"2025-06-14T14:16:31","slug":"mflex24","status":"publish","type":"page","link":"https:\/\/www.mf-schirmbrand.de\/fr\/mflex24\/","title":{"rendered":"MFlex24"},"content":{"rendered":"<div data-elementor-type=\"wp-page\" data-elementor-id=\"220\" class=\"elementor elementor-220\" data-elementor-post-type=\"page\">\n\t\t\t\t<div class=\"elementor-element elementor-element-8c05a7d e-flex e-con-boxed e-con e-parent\" data-id=\"8c05a7d\" data-element_type=\"container\" data-settings=\"{&quot;background_background&quot;:&quot;classic&quot;,&quot;shape_divider_bottom&quot;:&quot;pyramids&quot;}\">\n\t\t\t\t\t<div class=\"e-con-inner\">\n\t\t\t\t<div class=\"elementor-shape elementor-shape-bottom\" aria-hidden=\"true\" data-negative=\"false\">\n\t\t\t<svg xmlns=\"http:\/\/www.w3.org\/2000\/svg\" viewbox=\"0 0 1000 100\" preserveaspectratio=\"none\">\n\t<path class=\"elementor-shape-fill\" d=\"M761.9,44.1L643.1,27.2L333.8,98L0,3.8V0l1000,0v3.9\"\/>\n<\/svg>\t\t<\/div>\n\t\t<div class=\"elementor-element elementor-element-11ac9dd e-con-full e-flex e-con e-child\" data-id=\"11ac9dd\" data-element_type=\"container\">\n\t\t\t\t<div class=\"elementor-element elementor-element-6bab27e elementor-widget elementor-widget-heading\" data-id=\"6bab27e\" data-element_type=\"widget\" data-widget_type=\"heading.default\">\n\t\t\t\t\t<h2 class=\"elementor-heading-title elementor-size-default\">MFlex24<\/h2>\t\t\t\t<\/div>\n\t\t\t\t<div class=\"elementor-element elementor-element-ce4ecd6 elementor-widget elementor-widget-heading\" data-id=\"ce4ecd6\" data-element_type=\"widget\" data-widget_type=\"heading.default\">\n\t\t\t\t\t<h2 class=\"elementor-heading-title elementor-size-default\">Le nouveau service express pour votre production.<\/h2>\t\t\t\t<\/div>\n\t\t\t\t<\/div>\n\t\t<div class=\"elementor-element elementor-element-ee4aaa6 e-con-full e-flex e-con e-child\" data-id=\"ee4aaa6\" data-element_type=\"container\">\n\t\t\t\t<\/div>\n\t\t\t\t\t<\/div>\n\t\t\t\t<\/div>\n\t\t<div class=\"elementor-element elementor-element-177d1b6 e-flex e-con-boxed e-con e-parent\" data-id=\"177d1b6\" data-element_type=\"container\">\n\t\t\t\t\t<div class=\"e-con-inner\">\n\t\t<div class=\"elementor-element elementor-element-8230f1d e-con-full e-flex e-con e-child\" data-id=\"8230f1d\" data-element_type=\"container\">\n\t\t\t\t<div class=\"elementor-element elementor-element-9282972 elementor-widget elementor-widget-heading\" data-id=\"9282972\" data-element_type=\"widget\" data-widget_type=\"heading.default\">\n\t\t\t\t\t<h3 class=\"elementor-heading-title elementor-size-default\">MF Marque de parapluie<\/h3>\t\t\t\t<\/div>\n\t\t\t\t<div class=\"elementor-element elementor-element-702a56c elementor-widget elementor-widget-heading\" data-id=\"702a56c\" data-element_type=\"widget\" data-widget_type=\"heading.default\">\n\t\t\t\t\t<h2 class=\"elementor-heading-title elementor-size-default\">MFlex24 : le nouveau service express pour votre production.<\/h2>\t\t\t\t<\/div>\n\t\t\t\t<div class=\"elementor-element elementor-element-840a16c elementor-widget elementor-widget-text-editor\" data-id=\"840a16c\" data-element_type=\"widget\" data-widget_type=\"text-editor.default\">\n\t\t\t\t\t\t\t\t\t<p><strong>Pics de commandes, goulots d'\u00e9tranglement chez les fournisseurs de pi\u00e8ces,<br \/>\"Terre basse\" dans votre production ?<br \/><br \/>Mobilisez de toutes nouvelles r\u00e9serves de capacit\u00e9 - avec MFlex24 !<\/strong><\/p><ul><li>C'est vendredi apr\u00e8s-midi - et vous avez un besoin urgent de composants de haute qualit\u00e9 en d\u00e9but de semaine ?<\/li><li>Vous avez besoin d'une solution constructive \u00e0 court terme pour un nouveau composant ?<\/li><li>Vous avez un arr\u00eat d'installation - et vous devez red\u00e9marrer la production le plus rapidement possible ?<\/li><\/ul><p>Notre nouvelle solution express MFlex24 garantit \u00e9galement \u00e0 l'avenir votre performance et votre flexibilit\u00e9. Elle permet d'\u00e9viter de mani\u00e8re fiable les co\u00fbts<br \/>et des interruptions qui prennent beaucoup de temps !\u00a0<\/p><p>Nous vous offrons l'engagement illimit\u00e9 et la grande comp\u00e9tence technique de notre \u00e9quipe de service ! Rapide et fiable.<\/p>\t\t\t\t\t\t\t\t<\/div>\n\t\t\t\t<\/div>\n\t\t<div class=\"elementor-element elementor-element-0d7087c e-con-full e-flex e-con e-child\" data-id=\"0d7087c\" data-element_type=\"container\">\n\t\t\t\t<div class=\"elementor-element elementor-element-29c71d4 elementor-widget elementor-widget-image\" data-id=\"29c71d4\" data-element_type=\"widget\" data-widget_type=\"image.default\">\n\t\t\t\t\t\t\t\t\t\t\t\t\t\t\t\t<a href=\"\/wp-content\/uploads\/2025\/06\/mFlex24.pdf\" target=\"_blank\">\n\t\t\t\t\t\t\t<img fetchpriority=\"high\" decoding=\"async\" width=\"277\" height=\"400\" src=\"https:\/\/www.mf-schirmbrand.de\/wp-content\/uploads\/2025\/06\/mflex24.jpg\" class=\"attachment-large size-large wp-image-242\" alt=\"mflex24 - Downloadcover\" srcset=\"https:\/\/www.mf-schirmbrand.de\/wp-content\/uploads\/2025\/06\/mflex24.jpg 277w, https:\/\/www.mf-schirmbrand.de\/wp-content\/uploads\/2025\/06\/mflex24-208x300.jpg 208w\" sizes=\"(max-width: 277px) 100vw, 277px\" \/>\t\t\t\t\t\t\t\t<\/a>\n\t\t\t\t\t\t\t\t\t\t\t\t\t\t\t<\/div>\n\t\t\t\t<div class=\"elementor-element elementor-element-1afb139 elementor-widget elementor-widget-button\" data-id=\"1afb139\" data-element_type=\"widget\" data-widget_type=\"button.default\">\n\t\t\t\t\t\t\t\t\t\t<a class=\"elementor-button elementor-button-link elementor-size-sm\" href=\"\/wp-content\/uploads\/2025\/06\/mFlex24.pdf\" target=\"_blank\">\n\t\t\t\t\t\t<span class=\"elementor-button-content-wrapper\">\n\t\t\t\t\t\t<span class=\"elementor-button-icon\">\n\t\t\t\t<i aria-hidden=\"true\" class=\"icon icon-download\"><\/i>\t\t\t<\/span>\n\t\t\t\t\t\t\t\t\t<span class=\"elementor-button-text\">en savoir plus sur MFlex24<\/span>\n\t\t\t\t\t<\/span>\n\t\t\t\t\t<\/a>\n\t\t\t\t\t\t\t\t<\/div>\n\t\t\t\t<\/div>\n\t\t\t\t\t<\/div>\n\t\t\t\t<\/div>\n\t\t\t\t<\/div>","protected":false},"excerpt":{"rendered":"<p>MFlex24 Der neue Express-Service f\u00fcr Ihre Produktion. MF Schirmbrand MFlex24: Der neue Express-Service f\u00fcr Ihre Produktion. Auftragsspitzen, Engp\u00e4sse bei Teile-Lieferanten,\u201eLand unter\u201c in Ihrer Produktion? Mobilisieren Sie v\u00f6llig neue Kapazit\u00e4tsreserven \u2013 mit MFlex24! Es ist Freitagnachmittag \u2013 und Sie brauchen zu Wochenbeginn dringend Bauteile in hoher Qualit\u00e4t? Sie brauchen kurzfristig eine konstruktive L\u00f6sung f\u00fcr ein neues [&hellip;]<\/p>","protected":false},"author":1,"featured_media":0,"parent":0,"menu_order":0,"comment_status":"closed","ping_status":"closed","template":"","meta":{"_acf_changed":false,"footnotes":""},"class_list":["post-220","page","type-page","status-publish","hentry"],"acf":[],"_links":{"self":[{"href":"https:\/\/www.mf-schirmbrand.de\/fr\/wp-json\/wp\/v2\/pages\/220","targetHints":{"allow":["GET"]}}],"collection":[{"href":"https:\/\/www.mf-schirmbrand.de\/fr\/wp-json\/wp\/v2\/pages"}],"about":[{"href":"https:\/\/www.mf-schirmbrand.de\/fr\/wp-json\/wp\/v2\/types\/page"}],"author":[{"embeddable":true,"href":"https:\/\/www.mf-schirmbrand.de\/fr\/wp-json\/wp\/v2\/users\/1"}],"replies":[{"embeddable":true,"href":"https:\/\/www.mf-schirmbrand.de\/fr\/wp-json\/wp\/v2\/comments?post=220"}],"version-history":[{"count":4,"href":"https:\/\/www.mf-schirmbrand.de\/fr\/wp-json\/wp\/v2\/pages\/220\/revisions"}],"predecessor-version":[{"id":245,"href":"https:\/\/www.mf-schirmbrand.de\/fr\/wp-json\/wp\/v2\/pages\/220\/revisions\/245"}],"wp:attachment":[{"href":"https:\/\/www.mf-schirmbrand.de\/fr\/wp-json\/wp\/v2\/media?parent=220"}],"curies":[{"name":"wp","href":"https:\/\/api.w.org\/{rel}","templated":true}]}}