{"id":248,"date":"2025-06-14T16:17:04","date_gmt":"2025-06-14T14:17:04","guid":{"rendered":"https:\/\/mf.kreativo-media.de\/?page_id=248"},"modified":"2025-06-14T16:31:59","modified_gmt":"2025-06-14T14:31:59","slug":"impressum","status":"publish","type":"page","link":"https:\/\/www.mf-schirmbrand.de\/fr\/impressum\/","title":{"rendered":"Mentions l\u00e9gales"},"content":{"rendered":"<div data-elementor-type=\"wp-page\" data-elementor-id=\"248\" class=\"elementor elementor-248\" data-elementor-post-type=\"page\">\n\t\t\t\t<div class=\"elementor-element elementor-element-8c05a7d e-flex e-con-boxed e-con e-parent\" data-id=\"8c05a7d\" data-element_type=\"container\" data-settings=\"{&quot;background_background&quot;:&quot;classic&quot;,&quot;shape_divider_bottom&quot;:&quot;pyramids&quot;}\">\n\t\t\t\t\t<div class=\"e-con-inner\">\n\t\t\t\t<div class=\"elementor-shape elementor-shape-bottom\" aria-hidden=\"true\" data-negative=\"false\">\n\t\t\t<svg xmlns=\"http:\/\/www.w3.org\/2000\/svg\" viewbox=\"0 0 1000 100\" preserveaspectratio=\"none\">\n\t<path class=\"elementor-shape-fill\" d=\"M761.9,44.1L643.1,27.2L333.8,98L0,3.8V0l1000,0v3.9\"\/>\n<\/svg>\t\t<\/div>\n\t\t<div class=\"elementor-element elementor-element-11ac9dd e-con-full e-flex e-con e-child\" data-id=\"11ac9dd\" data-element_type=\"container\">\n\t\t\t\t<div class=\"elementor-element elementor-element-6bab27e elementor-widget elementor-widget-heading\" data-id=\"6bab27e\" data-element_type=\"widget\" data-widget_type=\"heading.default\">\n\t\t\t\t\t<h2 class=\"elementor-heading-title elementor-size-default\">Mentions l\u00e9gales<\/h2>\t\t\t\t<\/div>\n\t\t\t\t<\/div>\n\t\t<div class=\"elementor-element elementor-element-ee4aaa6 e-con-full e-flex e-con e-child\" data-id=\"ee4aaa6\" data-element_type=\"container\">\n\t\t\t\t<\/div>\n\t\t\t\t\t<\/div>\n\t\t\t\t<\/div>\n\t\t<div class=\"elementor-element elementor-element-177d1b6 e-flex e-con-boxed e-con e-parent\" data-id=\"177d1b6\" data-element_type=\"container\">\n\t\t\t\t\t<div class=\"e-con-inner\">\n\t\t<div class=\"elementor-element elementor-element-8230f1d e-con-full e-flex e-con e-child\" data-id=\"8230f1d\" data-element_type=\"container\">\n\t\t\t\t<div class=\"elementor-element elementor-element-9282972 elementor-widget elementor-widget-heading\" data-id=\"9282972\" data-element_type=\"widget\" data-widget_type=\"heading.default\">\n\t\t\t\t\t<h3 class=\"elementor-heading-title elementor-size-default\">MF Marque de parapluie<\/h3>\t\t\t\t<\/div>\n\t\t\t\t<div class=\"elementor-element elementor-element-702a56c elementor-widget elementor-widget-heading\" data-id=\"702a56c\" data-element_type=\"widget\" data-widget_type=\"heading.default\">\n\t\t\t\t\t<h2 class=\"elementor-heading-title elementor-size-default\">\u00c9diteur<\/h2>\t\t\t\t<\/div>\n\t\t\t\t<div class=\"elementor-element elementor-element-840a16c elementor-widget elementor-widget-text-editor\" data-id=\"840a16c\" data-element_type=\"widget\" data-widget_type=\"text-editor.default\">\n\t\t\t\t\t\t\t\t\t<p><strong>MF Schirmbrand GmbH &amp; Co. KG<\/strong><br \/>13, rue L\u00fctzelberg<br \/>79369 Wyhl a.K.<\/p><p>T\u00e9l\u00e9phone : +49 76 42\/920 239-0<br \/>T\u00e9l\u00e9copieur : +49 76 42\/920 239-10<br \/>Courrier \u00e9lectronique : <a href=\"mailto:info@mf-schirmbrand.de\">info@mf-schirmbrand.de<\/a><\/p><p>Direction : Dirk Schirmbrand, Celine Hank<br \/>Responsable du contenu conform\u00e9ment au \u00a710 alin\u00e9a 3 MDStV : Dirk Schirmbrand<\/p><p>AG : Fribourg HRA 270416<br \/>Num\u00e9ro d'identification TVA : DE813610421<br \/>Num\u00e9ro d'identification fiscale : 05050\/03027<br \/>Registre du commerce : HRA416K<\/p>\t\t\t\t\t\t\t\t<\/div>\n\t\t\t\t<div class=\"elementor-element elementor-element-c787aaf elementor-widget elementor-widget-heading\" data-id=\"c787aaf\" data-element_type=\"widget\" data-widget_type=\"heading.default\">\n\t\t\t\t\t<h2 class=\"elementor-heading-title elementor-size-default\">Fournisseur de services<\/h2>\t\t\t\t<\/div>\n\t\t\t\t<div class=\"elementor-element elementor-element-8bd7a33 elementor-widget elementor-widget-text-editor\" data-id=\"8bd7a33\" data-element_type=\"widget\" data-widget_type=\"text-editor.default\">\n\t\t\t\t\t\t\t\t\t<p><strong>STRATO AG<\/strong><br \/>Otto-Ostrowski-Stra\u00dfe 7, 10249 Berlin<\/p>\t\t\t\t\t\t\t\t<\/div>\n\t\t\t\t<div class=\"elementor-element elementor-element-ed7607b elementor-widget elementor-widget-heading\" data-id=\"ed7607b\" data-element_type=\"widget\" data-widget_type=\"heading.default\">\n\t\t\t\t\t<h2 class=\"elementor-heading-title elementor-size-default\">Mentions l\u00e9gales<\/h2>\t\t\t\t<\/div>\n\t\t\t\t<div class=\"elementor-element elementor-element-1658e35 elementor-widget elementor-widget-text-editor\" data-id=\"1658e35\" data-element_type=\"widget\" data-widget_type=\"text-editor.default\">\n\t\t\t\t\t\t\t\t\t<p>Le contenu de ce site web et les informations fournies sont soigneusement s\u00e9lectionn\u00e9s et r\u00e9guli\u00e8rement mis \u00e0 jour. Cependant, des erreurs et des omissions ne peuvent pas toujours \u00eatre \u00e9vit\u00e9es. MF Schirmbrand n'assume donc aucune responsabilit\u00e9 ou garantie quant \u00e0 l'actualit\u00e9, l'exactitude et l'exhaustivit\u00e9 des informations mises \u00e0 disposition sur ce site.<\/p><p>Ceci est \u00e9galement valable pour tous les liens auxquels ce site Internet renvoie directement ou indirectement. MF Schirmbrand n'est pas responsable du contenu d'une page accessible par un tel lien. MF Schirmbrand se r\u00e9serve le droit de modifier ou de compl\u00e9ter les informations fournies sans pr\u00e9avis. Le contenu de ce site est prot\u00e9g\u00e9 par les droits d'auteur et appartient exclusivement \u00e0 MF Schirmbrand. Sans l'accord \u00e9crit de cette derni\u00e8re, la reproduction ou toute autre utilisation des contenus et informations mis \u00e0 disposition, notamment des graphiques et des images ou de tout autre document, est interdite.<\/p>\t\t\t\t\t\t\t\t<\/div>\n\t\t\t\t<div class=\"elementor-element elementor-element-a28239b elementor-widget elementor-widget-heading\" data-id=\"a28239b\" data-element_type=\"widget\" data-widget_type=\"heading.default\">\n\t\t\t\t\t<h2 class=\"elementor-heading-title elementor-size-default\">Avis de responsabilit\u00e9<\/h2>\t\t\t\t<\/div>\n\t\t\t\t<div class=\"elementor-element elementor-element-c33219b elementor-widget elementor-widget-text-editor\" data-id=\"c33219b\" data-element_type=\"widget\" data-widget_type=\"text-editor.default\">\n\t\t\t\t\t\t\t\t\t<p>Malgr\u00e9 un contr\u00f4le minutieux et r\u00e9gulier, nous d\u00e9clinons toute responsabilit\u00e9 quant au contenu des liens externes. Seuls les exploitants de ces sites sont responsables de leur contenu.<\/p>\t\t\t\t\t\t\t\t<\/div>\n\t\t\t\t<\/div>\n\t\t<div class=\"elementor-element elementor-element-0d7087c e-con-full e-flex e-con e-child\" data-id=\"0d7087c\" data-element_type=\"container\">\n\t\t\t\t<div class=\"elementor-element elementor-element-95df62b elementor-widget elementor-widget-heading\" data-id=\"95df62b\" data-element_type=\"widget\" data-widget_type=\"heading.default\">\n\t\t\t\t\t<h2 class=\"elementor-heading-title elementor-size-default\">Conception, design et programmation<\/h2>\t\t\t\t<\/div>\n\t\t\t\t<div class=\"elementor-element elementor-element-1e2361f elementor-widget elementor-widget-text-editor\" data-id=\"1e2361f\" data-element_type=\"widget\" data-widget_type=\"text-editor.default\">\n\t\t\t\t\t\t\t\t\t<p><strong>kreativo Media<\/strong><br \/>L'agence Internet<\/p><p>Bruchstra\u00dfe 17E, 77799 Ortenberg<br \/><strong>Courrier \u00e9lectronique :<\/strong>\u00a0<a href=\"mailto:info@kreativo-media.de\">info@kreativo-media.de<\/a><br \/><strong>Internet :<\/strong>\u00a0<a href=\"http:\/\/www.kreativo-media.de\/\" target=\"_blank\" rel=\"noopener\">www.kreativo-media.de<\/a><\/p>\t\t\t\t\t\t\t\t<\/div>\n\t\t\t\t<div class=\"elementor-element elementor-element-df0cbad elementor-widget elementor-widget-heading\" data-id=\"df0cbad\" data-element_type=\"widget\" data-widget_type=\"heading.default\">\n\t\t\t\t\t<h2 class=\"elementor-heading-title elementor-size-default\">T\u00e9l\u00e9chargements<\/h2>\t\t\t\t<\/div>\n\t\t\t\t<div class=\"elementor-element elementor-element-738dd8b elementor-widget elementor-widget-button\" data-id=\"738dd8b\" data-element_type=\"widget\" data-widget_type=\"button.default\">\n\t\t\t\t\t\t\t\t\t\t<a class=\"elementor-button elementor-button-link elementor-size-sm\" href=\"\/wp-content\/uploads\/2025\/06\/VerkaufsLieferbedingungen.pdf\" target=\"_blank\">\n\t\t\t\t\t\t<span class=\"elementor-button-content-wrapper\">\n\t\t\t\t\t\t<span class=\"elementor-button-icon\">\n\t\t\t\t<i aria-hidden=\"true\" class=\"icon icon-download\"><\/i>\t\t\t<\/span>\n\t\t\t\t\t\t\t\t\t<span class=\"elementor-button-text\">Conditions de vente et de livraison<\/span>\n\t\t\t\t\t<\/span>\n\t\t\t\t\t<\/a>\n\t\t\t\t\t\t\t\t<\/div>\n\t\t\t\t<div class=\"elementor-element elementor-element-b5cf98d elementor-widget elementor-widget-button\" data-id=\"b5cf98d\" data-element_type=\"widget\" data-widget_type=\"button.default\">\n\t\t\t\t\t\t\t\t\t\t<a class=\"elementor-button elementor-button-link elementor-size-sm\" href=\"\/wp-content\/uploads\/2025\/06\/MF-Schirmbrand-Praesentation.pdf\" target=\"_blank\">\n\t\t\t\t\t\t<span class=\"elementor-button-content-wrapper\">\n\t\t\t\t\t\t<span class=\"elementor-button-icon\">\n\t\t\t\t<i aria-hidden=\"true\" class=\"icon icon-download\"><\/i>\t\t\t<\/span>\n\t\t\t\t\t\t\t\t\t<span class=\"elementor-button-text\">Pr\u00e9sentation de l'entreprise - PDF<\/span>\n\t\t\t\t\t<\/span>\n\t\t\t\t\t<\/a>\n\t\t\t\t\t\t\t\t<\/div>\n\t\t\t\t<div class=\"elementor-element elementor-element-3e0f676 elementor-widget elementor-widget-button\" data-id=\"3e0f676\" data-element_type=\"widget\" data-widget_type=\"button.default\">\n\t\t\t\t\t\t\t\t\t\t<a class=\"elementor-button elementor-button-link elementor-size-sm\" href=\"\/wp-content\/uploads\/2025\/06\/Imagebroschuere_MF-Schirmbrand_04.2025.pdf\" target=\"_blank\">\n\t\t\t\t\t\t<span class=\"elementor-button-content-wrapper\">\n\t\t\t\t\t\t<span class=\"elementor-button-icon\">\n\t\t\t\t<i aria-hidden=\"true\" class=\"icon icon-download\"><\/i>\t\t\t<\/span>\n\t\t\t\t\t\t\t\t\t<span class=\"elementor-button-text\">Brochure de pr\u00e9sentation (FR) - PDF<\/span>\n\t\t\t\t\t<\/span>\n\t\t\t\t\t<\/a>\n\t\t\t\t\t\t\t\t<\/div>\n\t\t\t\t<div class=\"elementor-element elementor-element-e4e3a78 elementor-widget elementor-widget-button\" data-id=\"e4e3a78\" data-element_type=\"widget\" data-widget_type=\"button.default\">\n\t\t\t\t\t\t\t\t\t\t<a class=\"elementor-button elementor-button-link elementor-size-sm\" href=\"\/wp-content\/uploads\/2025\/06\/Image-brochure-MF-Schirmbrand_English_04.2025.pdf\" target=\"_blank\">\n\t\t\t\t\t\t<span class=\"elementor-button-content-wrapper\">\n\t\t\t\t\t\t<span class=\"elementor-button-icon\">\n\t\t\t\t<i aria-hidden=\"true\" class=\"icon icon-download\"><\/i>\t\t\t<\/span>\n\t\t\t\t\t\t\t\t\t<span class=\"elementor-button-text\">Brochure de pr\u00e9sentation (EN) - PDF<\/span>\n\t\t\t\t\t<\/span>\n\t\t\t\t\t<\/a>\n\t\t\t\t\t\t\t\t<\/div>\n\t\t<div class=\"elementor-element elementor-element-793b04e e-con-full e-flex e-con e-child\" data-id=\"793b04e\" data-element_type=\"container\">\n\t\t\t\t<div class=\"elementor-element elementor-element-9665180 elementor-widget elementor-widget-image\" data-id=\"9665180\" data-element_type=\"widget\" data-widget_type=\"image.default\">\n\t\t\t\t\t\t\t\t\t\t\t\t\t\t\t<img decoding=\"async\" width=\"40\" height=\"39\" src=\"https:\/\/www.mf-schirmbrand.de\/wp-content\/uploads\/2025\/06\/adobe_reader.gif\" class=\"attachment-full size-full wp-image-170\" alt=\"Acrobat Reader - Logo\" \/>\t\t\t\t\t\t\t\t\t\t\t\t\t\t\t<\/div>\n\t\t\t\t<div class=\"elementor-element elementor-element-083c385 elementor-widget elementor-widget-text-editor\" data-id=\"083c385\" data-element_type=\"widget\" data-widget_type=\"text-editor.default\">\n\t\t\t\t\t\t\t\t\t<p>Pour visualiser les documents PDF, vous avez besoin du logiciel Adobe Acrobat Reader.<br \/><br \/><strong>Vous pouvez le t\u00e9l\u00e9charger gratuitement \u00e0 l'adresse suivante :<\/strong><br \/><a href=\"http:\/\/get.adobe.com\/de\/reader\/\" target=\"_blank\" rel=\"noopener\">http:\/\/get.adobe.com\/de\/reader\/<\/a><\/p>\t\t\t\t\t\t\t\t<\/div>\n\t\t\t\t<\/div>\n\t\t\t\t<\/div>\n\t\t\t\t\t<\/div>\n\t\t\t\t<\/div>\n\t\t\t\t<\/div>","protected":false},"excerpt":{"rendered":"<p>Impressum MF Schirmbrand Herausgeber MF Schirmbrand GmbH &amp; Co. KGL\u00fctzelbergstr. 1379369 Wyhl a.K. Telefon: +49 76 42\/920 239-0Telefax: +49 76 42\/920 239-10E-Mail: info@mf-schirmbrand.de Gesch\u00e4ftsf\u00fchrung: Dirk Schirmbrand, Celine HankInhaltlich verantwortlich gem\u00e4\u00df \u00a710 Absatz 3 MDStV: Dirk Schirmbrand AG: Freiburg HRA 270416UST-Ident-Nr.: DE813610421Steuer-Nr.: 05050\/03027Handelsregister: HRA416K Diensteanbieter STRATO AGOtto-Ostrowski-Stra\u00dfe 7, 10249 Berlin Rechtliche Hinweise Der Inhalt dieser Website [&hellip;]<\/p>","protected":false},"author":1,"featured_media":0,"parent":0,"menu_order":0,"comment_status":"closed","ping_status":"closed","template":"","meta":{"_acf_changed":false,"footnotes":""},"class_list":["post-248","page","type-page","status-publish","hentry"],"acf":[],"_links":{"self":[{"href":"https:\/\/www.mf-schirmbrand.de\/fr\/wp-json\/wp\/v2\/pages\/248","targetHints":{"allow":["GET"]}}],"collection":[{"href":"https:\/\/www.mf-schirmbrand.de\/fr\/wp-json\/wp\/v2\/pages"}],"about":[{"href":"https:\/\/www.mf-schirmbrand.de\/fr\/wp-json\/wp\/v2\/types\/page"}],"author":[{"embeddable":true,"href":"https:\/\/www.mf-schirmbrand.de\/fr\/wp-json\/wp\/v2\/users\/1"}],"replies":[{"embeddable":true,"href":"https:\/\/www.mf-schirmbrand.de\/fr\/wp-json\/wp\/v2\/comments?post=248"}],"version-history":[{"count":10,"href":"https:\/\/www.mf-schirmbrand.de\/fr\/wp-json\/wp\/v2\/pages\/248\/revisions"}],"predecessor-version":[{"id":262,"href":"https:\/\/www.mf-schirmbrand.de\/fr\/wp-json\/wp\/v2\/pages\/248\/revisions\/262"}],"wp:attachment":[{"href":"https:\/\/www.mf-schirmbrand.de\/fr\/wp-json\/wp\/v2\/media?parent=248"}],"curies":[{"name":"wp","href":"https:\/\/api.w.org\/{rel}","templated":true}]}}