{"id":277,"date":"2025-06-14T16:48:42","date_gmt":"2025-06-14T14:48:42","guid":{"rendered":"https:\/\/mf.kreativo-media.de\/?page_id=277"},"modified":"2025-06-15T10:21:03","modified_gmt":"2025-06-15T08:21:03","slug":"mechanische-fertigung","status":"publish","type":"page","link":"https:\/\/www.mf-schirmbrand.de\/fr\/mechanische-fertigung\/","title":{"rendered":"Fabrication m\u00e9canique"},"content":{"rendered":"<div data-elementor-type=\"wp-page\" data-elementor-id=\"277\" class=\"elementor elementor-277\" data-elementor-post-type=\"page\">\n\t\t\t\t<div class=\"elementor-element elementor-element-8c05a7d e-flex e-con-boxed e-con e-parent\" data-id=\"8c05a7d\" data-element_type=\"container\" data-settings=\"{&quot;background_background&quot;:&quot;classic&quot;,&quot;shape_divider_bottom&quot;:&quot;pyramids&quot;}\">\n\t\t\t\t\t<div class=\"e-con-inner\">\n\t\t\t\t<div class=\"elementor-shape elementor-shape-bottom\" aria-hidden=\"true\" data-negative=\"false\">\n\t\t\t<svg xmlns=\"http:\/\/www.w3.org\/2000\/svg\" viewbox=\"0 0 1000 100\" preserveaspectratio=\"none\">\n\t<path class=\"elementor-shape-fill\" d=\"M761.9,44.1L643.1,27.2L333.8,98L0,3.8V0l1000,0v3.9\"\/>\n<\/svg>\t\t<\/div>\n\t\t<div class=\"elementor-element elementor-element-11ac9dd e-con-full e-flex e-con e-child\" data-id=\"11ac9dd\" data-element_type=\"container\">\n\t\t\t\t<div class=\"elementor-element elementor-element-6bab27e elementor-widget elementor-widget-heading\" data-id=\"6bab27e\" data-element_type=\"widget\" data-widget_type=\"heading.default\">\n\t\t\t\t\t<h2 class=\"elementor-heading-title elementor-size-default\">Fabrication m\u00e9canique<\/h2>\t\t\t\t<\/div>\n\t\t\t\t<div class=\"elementor-element elementor-element-ce4ecd6 elementor-widget elementor-widget-heading\" data-id=\"ce4ecd6\" data-element_type=\"widget\" data-widget_type=\"heading.default\">\n\t\t\t\t\t<h3 class=\"elementor-heading-title elementor-size-default\">Comp\u00e9tence - d'une seule source.<\/h3>\t\t\t\t<\/div>\n\t\t\t\t<div class=\"elementor-element elementor-element-840a16c elementor-widget elementor-widget-text-editor\" data-id=\"840a16c\" data-element_type=\"widget\" data-widget_type=\"text-editor.default\">\n\t\t\t\t\t\t\t\t\t<p>En tant que sp\u00e9cialiste des pi\u00e8ces m\u00e9caniques de haute qualit\u00e9, nous d\u00e9veloppons des solutions sur mesure r\u00e9pondant exactement aux exigences de nos clients. Nous mettons volontiers notre savoir-faire \u00e0 votre disposition.<\/p><p>Notre vaste programme de production s'\u00e9tend de la sous-traitance de pi\u00e8ces individuelles \u00e0 la fabrication de pi\u00e8ces sp\u00e9ciales et de s\u00e9rie, en passant par des ensembles m\u00e9caniques complets d'un haut degr\u00e9 de complexit\u00e9.<\/p><p>Nous associons une technique de fabrication exigeante aux exigences les plus \u00e9lev\u00e9es en mati\u00e8re de technique de brasage. Les mat\u00e9riaux que nous utilisons vont de l'acier et des m\u00e9taux non ferreux aux m\u00e9taux non ferreux.<\/p>\t\t\t\t\t\t\t\t<\/div>\n\t\t\t\t<\/div>\n\t\t<div class=\"elementor-element elementor-element-ee4aaa6 e-con-full e-flex e-con e-child\" data-id=\"ee4aaa6\" data-element_type=\"container\">\n\t\t\t\t<\/div>\n\t\t\t\t\t<\/div>\n\t\t\t\t<\/div>\n\t\t<div class=\"elementor-element elementor-element-571e1f3 e-flex e-con-boxed e-con e-parent\" data-id=\"571e1f3\" data-element_type=\"container\">\n\t\t\t\t\t<div class=\"e-con-inner\">\n\t\t\t\t<div class=\"elementor-element elementor-element-5b834f6 elementor-widget elementor-widget-heading\" data-id=\"5b834f6\" data-element_type=\"widget\" data-widget_type=\"heading.default\">\n\t\t\t\t\t<h2 class=\"elementor-heading-title elementor-size-default\">Notre portefeuille de services<\/h2>\t\t\t\t<\/div>\n\t\t\t\t\t<\/div>\n\t\t\t\t<\/div>\n\t\t<div class=\"elementor-element elementor-element-fcbb899 e-flex e-con-boxed e-con e-parent\" data-id=\"fcbb899\" data-element_type=\"container\">\n\t\t\t\t\t<div class=\"e-con-inner\">\n\t\t<a class=\"elementor-element elementor-element-c0ef8bf e-con-full e-flex e-con e-child\" data-id=\"c0ef8bf\" data-element_type=\"container\" data-settings=\"{&quot;background_background&quot;:&quot;classic&quot;}\" href=\"\/fr\/mechanische-fertigung\/baugruppenmontage\/\">\n\t\t\t\t<div class=\"elementor-element elementor-element-7ab05c8 elementor-widget elementor-widget-image\" data-id=\"7ab05c8\" data-element_type=\"widget\" data-widget_type=\"image.default\">\n\t\t\t\t\t\t\t\t\t\t\t\t\t\t\t<img fetchpriority=\"high\" decoding=\"async\" width=\"560\" height=\"300\" src=\"https:\/\/www.mf-schirmbrand.de\/wp-content\/uploads\/2025\/06\/baugruppen_1.jpg\" class=\"attachment-large size-large wp-image-76\" alt=\"Baugruppenmontage\" srcset=\"https:\/\/www.mf-schirmbrand.de\/wp-content\/uploads\/2025\/06\/baugruppen_1.jpg 560w, https:\/\/www.mf-schirmbrand.de\/wp-content\/uploads\/2025\/06\/baugruppen_1-300x161.jpg 300w\" sizes=\"(max-width: 560px) 100vw, 560px\" \/>\t\t\t\t\t\t\t\t\t\t\t\t\t\t\t<\/div>\n\t\t\t\t<div class=\"elementor-element elementor-element-389ec10 elementor-widget elementor-widget-heading\" data-id=\"389ec10\" data-element_type=\"widget\" data-widget_type=\"heading.default\">\n\t\t\t\t\t<h3 class=\"elementor-heading-title elementor-size-default\">Montage de modules<\/h3>\t\t\t\t<\/div>\n\t\t\t\t<div class=\"elementor-element elementor-element-e345cb4 elementor-widget elementor-widget-text-editor\" data-id=\"e345cb4\" data-element_type=\"widget\" data-widget_type=\"text-editor.default\">\n\t\t\t\t\t\t\t\t\t<div class=\"porto-sicon-box style_1 heading-right-icon\"><div class=\"porto-sicon-description\"><p>Pour le refroidissement d'installations \u00e9lectroniques ou pour la commutation de puissance - quel que soit le type de modules m\u00e9caniques que vous exigez.<\/p><\/div><\/div>\t\t\t\t\t\t\t\t<\/div>\n\t\t\t\t<\/a>\n\t\t<a class=\"elementor-element elementor-element-af3d06e e-con-full e-flex e-con e-child\" data-id=\"af3d06e\" data-element_type=\"container\" data-settings=\"{&quot;background_background&quot;:&quot;classic&quot;}\" href=\"\/fr\/mechanische-fertigung\/induktoren-fertigung\/\">\n\t\t\t\t<div class=\"elementor-element elementor-element-3cadb2e elementor-widget elementor-widget-image\" data-id=\"3cadb2e\" data-element_type=\"widget\" data-widget_type=\"image.default\">\n\t\t\t\t\t\t\t\t\t\t\t\t\t\t\t<img decoding=\"async\" width=\"560\" height=\"300\" src=\"https:\/\/www.mf-schirmbrand.de\/wp-content\/uploads\/2025\/06\/induktoren3.jpg\" class=\"attachment-large size-large wp-image-78\" alt=\"Induktorenfertigung\" srcset=\"https:\/\/www.mf-schirmbrand.de\/wp-content\/uploads\/2025\/06\/induktoren3.jpg 560w, https:\/\/www.mf-schirmbrand.de\/wp-content\/uploads\/2025\/06\/induktoren3-300x161.jpg 300w\" sizes=\"(max-width: 560px) 100vw, 560px\" \/>\t\t\t\t\t\t\t\t\t\t\t\t\t\t\t<\/div>\n\t\t\t\t<div class=\"elementor-element elementor-element-af14c07 elementor-widget elementor-widget-heading\" data-id=\"af14c07\" data-element_type=\"widget\" data-widget_type=\"heading.default\">\n\t\t\t\t\t<h3 class=\"elementor-heading-title elementor-size-default\">Fabrication d'inducteurs<\/h3>\t\t\t\t<\/div>\n\t\t\t\t<div class=\"elementor-element elementor-element-a9059c7 elementor-widget elementor-widget-text-editor\" data-id=\"a9059c7\" data-element_type=\"widget\" data-widget_type=\"text-editor.default\">\n\t\t\t\t\t\t\t\t\t<div class=\"porto-sicon-box style_1 heading-right-icon\"><div class=\"porto-sicon-description\"><div class=\"porto-sicon-box style_1 heading-right-icon\"><div class=\"porto-sicon-description\"><p>Nous fabriquons et r\u00e9parons vos inducteurs &amp; bobines - selon vos exigences sp\u00e9cifiques.<\/p><\/div><\/div><\/div><\/div>\t\t\t\t\t\t\t\t<\/div>\n\t\t\t\t<\/a>\n\t\t<a class=\"elementor-element elementor-element-d3adfda e-con-full e-flex e-con e-child\" data-id=\"d3adfda\" data-element_type=\"container\" data-settings=\"{&quot;background_background&quot;:&quot;classic&quot;}\" href=\"\/fr\/mechanische-fertigung\/schweissen\/\">\n\t\t\t\t<div class=\"elementor-element elementor-element-e86ac92 elementor-widget elementor-widget-image\" data-id=\"e86ac92\" data-element_type=\"widget\" data-widget_type=\"image.default\">\n\t\t\t\t\t\t\t\t\t\t\t\t\t\t\t<img decoding=\"async\" width=\"560\" height=\"300\" src=\"https:\/\/www.mf-schirmbrand.de\/wp-content\/uploads\/2025\/06\/magschweissen1.jpg\" class=\"attachment-large size-large wp-image-79\" alt=\"Schwei\u00dfen\" srcset=\"https:\/\/www.mf-schirmbrand.de\/wp-content\/uploads\/2025\/06\/magschweissen1.jpg 560w, https:\/\/www.mf-schirmbrand.de\/wp-content\/uploads\/2025\/06\/magschweissen1-300x161.jpg 300w\" sizes=\"(max-width: 560px) 100vw, 560px\" \/>\t\t\t\t\t\t\t\t\t\t\t\t\t\t\t<\/div>\n\t\t\t\t<div class=\"elementor-element elementor-element-633bd2b elementor-widget elementor-widget-heading\" data-id=\"633bd2b\" data-element_type=\"widget\" data-widget_type=\"heading.default\">\n\t\t\t\t\t<h3 class=\"elementor-heading-title elementor-size-default\">Soudage<\/h3>\t\t\t\t<\/div>\n\t\t\t\t<div class=\"elementor-element elementor-element-0f02c30 elementor-widget elementor-widget-text-editor\" data-id=\"0f02c30\" data-element_type=\"widget\" data-widget_type=\"text-editor.default\">\n\t\t\t\t\t\t\t\t\t<p><strong>Soudage MIG\/MAG<\/strong>\u00a0est actuellement le proc\u00e9d\u00e9 de soudage aux gaz actifs le plus utilis\u00e9 !<\/p><p><strong>Soudage TIG<\/strong>\u00a0offre de nombreux avantages imbattables, notamment pour le soudage de tubes en cuivre.<\/p>\t\t\t\t\t\t\t\t<\/div>\n\t\t\t\t<\/a>\n\t\t\t\t\t<\/div>\n\t\t\t\t<\/div>\n\t\t<div class=\"elementor-element elementor-element-cc525dd e-flex e-con-boxed e-con e-parent\" data-id=\"cc525dd\" data-element_type=\"container\">\n\t\t\t\t\t<div class=\"e-con-inner\">\n\t\t<a class=\"elementor-element elementor-element-f3f54c2 e-con-full e-flex e-con e-child\" data-id=\"f3f54c2\" data-element_type=\"container\" data-settings=\"{&quot;background_background&quot;:&quot;classic&quot;}\" href=\"\/fr\/mechanische-fertigung\/spulen-fertigung\/\">\n\t\t\t\t<div class=\"elementor-element elementor-element-7cf04c8 elementor-widget elementor-widget-image\" data-id=\"7cf04c8\" data-element_type=\"widget\" data-widget_type=\"image.default\">\n\t\t\t\t\t\t\t\t\t\t\t\t\t\t\t<img loading=\"lazy\" decoding=\"async\" width=\"560\" height=\"300\" src=\"https:\/\/www.mf-schirmbrand.de\/wp-content\/uploads\/2025\/06\/spulen2.jpg\" class=\"attachment-large size-large wp-image-80\" alt=\"Spulen-Fertigung\" srcset=\"https:\/\/www.mf-schirmbrand.de\/wp-content\/uploads\/2025\/06\/spulen2.jpg 560w, https:\/\/www.mf-schirmbrand.de\/wp-content\/uploads\/2025\/06\/spulen2-300x161.jpg 300w\" sizes=\"(max-width: 560px) 100vw, 560px\" \/>\t\t\t\t\t\t\t\t\t\t\t\t\t\t\t<\/div>\n\t\t\t\t<div class=\"elementor-element elementor-element-af7b924 elementor-widget elementor-widget-heading\" data-id=\"af7b924\" data-element_type=\"widget\" data-widget_type=\"heading.default\">\n\t\t\t\t\t<h3 class=\"elementor-heading-title elementor-size-default\">Fabrication de bobines<\/h3>\t\t\t\t<\/div>\n\t\t\t\t<div class=\"elementor-element elementor-element-9820989 elementor-widget elementor-widget-text-editor\" data-id=\"9820989\" data-element_type=\"widget\" data-widget_type=\"text-editor.default\">\n\t\t\t\t\t\t\t\t\t<div class=\"porto-sicon-box style_1 heading-right-icon\"><div class=\"porto-sicon-description\"><div class=\"porto-sicon-box style_1 heading-right-icon\"><div class=\"porto-sicon-description\"><p><strong>Notre objectif est clairement formul\u00e9 :<br \/><\/strong>La qualit\u00e9 doit toujours \u00eatre au rendez-vous. C'est pourquoi vous pouvez toujours compter sur notre promesse de qualit\u00e9, m\u00eame dans notre production de bobines.<\/p><\/div><\/div><\/div><\/div>\t\t\t\t\t\t\t\t<\/div>\n\t\t\t\t<\/a>\n\t\t<a class=\"elementor-element elementor-element-f38def8 e-con-full e-flex e-con e-child\" data-id=\"f38def8\" data-element_type=\"container\" data-settings=\"{&quot;background_background&quot;:&quot;classic&quot;}\" href=\"\/fr\/mechanische-fertigung\/weichloeten-hartloeten\/\">\n\t\t\t\t<div class=\"elementor-element elementor-element-cb1c534 elementor-widget elementor-widget-image\" data-id=\"cb1c534\" data-element_type=\"widget\" data-widget_type=\"image.default\">\n\t\t\t\t\t\t\t\t\t\t\t\t\t\t\t<img loading=\"lazy\" decoding=\"async\" width=\"560\" height=\"300\" src=\"https:\/\/www.mf-schirmbrand.de\/wp-content\/uploads\/2025\/06\/weichloeten1.jpg\" class=\"attachment-large size-large wp-image-81\" alt=\"Weichl\u00f6ten \/ Hartl\u00f6ten\" srcset=\"https:\/\/www.mf-schirmbrand.de\/wp-content\/uploads\/2025\/06\/weichloeten1.jpg 560w, https:\/\/www.mf-schirmbrand.de\/wp-content\/uploads\/2025\/06\/weichloeten1-300x161.jpg 300w\" sizes=\"(max-width: 560px) 100vw, 560px\" \/>\t\t\t\t\t\t\t\t\t\t\t\t\t\t\t<\/div>\n\t\t\t\t<div class=\"elementor-element elementor-element-bed7290 elementor-widget elementor-widget-heading\" data-id=\"bed7290\" data-element_type=\"widget\" data-widget_type=\"heading.default\">\n\t\t\t\t\t<h3 class=\"elementor-heading-title elementor-size-default\">Brasage tendre \/ brasage fort<\/h3>\t\t\t\t<\/div>\n\t\t\t\t<div class=\"elementor-element elementor-element-5c6edc5 elementor-widget elementor-widget-text-editor\" data-id=\"5c6edc5\" data-element_type=\"widget\" data-widget_type=\"text-editor.default\">\n\t\t\t\t\t\t\t\t\t<div class=\"porto-sicon-box style_1 heading-right-icon\"><div class=\"porto-sicon-description\"><div class=\"porto-sicon-box style_1 heading-right-icon\"><div class=\"porto-sicon-description\"><div class=\"porto-sicon-box style_1 heading-right-icon\"><div class=\"porto-sicon-description\"><p>Nous disposons de\u00a0<strong>sept postes de travail modernes pour le soudage.<br \/><\/strong><\/p><p>Nous utilisons ici exclusivement de la soudure \u00e0 l'argent de haute qualit\u00e9.<\/p><\/div><\/div><\/div><\/div><\/div><\/div>\t\t\t\t\t\t\t\t<\/div>\n\t\t\t\t<\/a>\n\t\t<a class=\"elementor-element elementor-element-1b020ff e-con-full e-flex e-con e-child\" data-id=\"1b020ff\" data-element_type=\"container\" data-settings=\"{&quot;background_background&quot;:&quot;classic&quot;}\" href=\"\/fr\/mechanische-fertigung\/cnc-fraesen-und-bohren\/\">\n\t\t\t\t<div class=\"elementor-element elementor-element-3961e2f elementor-widget elementor-widget-image\" data-id=\"3961e2f\" data-element_type=\"widget\" data-widget_type=\"image.default\">\n\t\t\t\t\t\t\t\t\t\t\t\t\t\t\t<img loading=\"lazy\" decoding=\"async\" width=\"560\" height=\"300\" src=\"https:\/\/www.mf-schirmbrand.de\/wp-content\/uploads\/2025\/06\/cnc4.jpg\" class=\"attachment-large size-large wp-image-77\" alt=\"CNC-Fr\u00e4sen und Bohren\" srcset=\"https:\/\/www.mf-schirmbrand.de\/wp-content\/uploads\/2025\/06\/cnc4.jpg 560w, https:\/\/www.mf-schirmbrand.de\/wp-content\/uploads\/2025\/06\/cnc4-300x161.jpg 300w\" sizes=\"(max-width: 560px) 100vw, 560px\" \/>\t\t\t\t\t\t\t\t\t\t\t\t\t\t\t<\/div>\n\t\t\t\t<div class=\"elementor-element elementor-element-8956955 elementor-widget elementor-widget-heading\" data-id=\"8956955\" data-element_type=\"widget\" data-widget_type=\"heading.default\">\n\t\t\t\t\t<h3 class=\"elementor-heading-title elementor-size-default\">Fraisage et per\u00e7age CNC<\/h3>\t\t\t\t<\/div>\n\t\t\t\t<div class=\"elementor-element elementor-element-9fc4225 elementor-widget elementor-widget-text-editor\" data-id=\"9fc4225\" data-element_type=\"widget\" data-widget_type=\"text-editor.default\">\n\t\t\t\t\t\t\t\t\t<div class=\"porto-sicon-box style_1 heading-right-icon\"><div class=\"porto-sicon-description\"><div class=\"porto-sicon-box style_1 heading-right-icon\"><div class=\"porto-sicon-description\"><div class=\"porto-sicon-box style_1 heading-right-icon\"><div class=\"porto-sicon-description\"><div class=\"elementor-element elementor-element-35fbf1f elementor-widget elementor-widget-porto_ultimate_heading animated fadeInUp\" data-id=\"35fbf1f\" data-element_type=\"widget\" data-settings=\"{&quot;_animation&quot;:&quot;fadeInUp&quot;,&quot;_animation_delay&quot;:250}\" data-widget_type=\"porto_ultimate_heading.default\"><div class=\"elementor-widget-container\"><div class=\"porto-u-heading\" data-hspacer=\"no_spacer\" data-halign=\"left\"><div class=\"porto-u-sub-heading\"><div class=\"porto-sicon-box style_1 heading-right-icon\"><div class=\"porto-sicon-description\"><p>Avec cinq centres d'usinage ultra-pr\u00e9cis et modernes ainsi que deux automations longues, nous ma\u00eetrisons \u00e9galement les formes de pi\u00e8ces compliqu\u00e9es.<\/p><\/div><\/div><\/div><\/div><\/div><\/div><\/div><\/div><\/div><\/div><\/div><\/div>\t\t\t\t\t\t\t\t<\/div>\n\t\t\t\t<\/a>\n\t\t\t\t\t<\/div>\n\t\t\t\t<\/div>\n\t\t\t\t<\/div>","protected":false},"excerpt":{"rendered":"<p>Mechanische Fertigung Kompetenz \u2013 aus einer Hand. Als Spezialist f\u00fcr hochwertige mechanische Teile entwickeln wir passgenaue L\u00f6sungen exakt nach den Anforderungen unserer Kunden. Gerne stehen wir auch Ihnen mit unserem Know-how zur Seite. Unser umfassendes Produktionsprogramm reicht von der Lohnfertigung einzelner Teile \u00fcber die Herstellung von Sonder- und Serienteilen bis hin zu kompletten mechanischen Baugruppen [&hellip;]<\/p>","protected":false},"author":1,"featured_media":0,"parent":0,"menu_order":0,"comment_status":"closed","ping_status":"closed","template":"","meta":{"_acf_changed":false,"footnotes":""},"class_list":["post-277","page","type-page","status-publish","hentry"],"acf":[],"_links":{"self":[{"href":"https:\/\/www.mf-schirmbrand.de\/fr\/wp-json\/wp\/v2\/pages\/277","targetHints":{"allow":["GET"]}}],"collection":[{"href":"https:\/\/www.mf-schirmbrand.de\/fr\/wp-json\/wp\/v2\/pages"}],"about":[{"href":"https:\/\/www.mf-schirmbrand.de\/fr\/wp-json\/wp\/v2\/types\/page"}],"author":[{"embeddable":true,"href":"https:\/\/www.mf-schirmbrand.de\/fr\/wp-json\/wp\/v2\/users\/1"}],"replies":[{"embeddable":true,"href":"https:\/\/www.mf-schirmbrand.de\/fr\/wp-json\/wp\/v2\/comments?post=277"}],"version-history":[{"count":7,"href":"https:\/\/www.mf-schirmbrand.de\/fr\/wp-json\/wp\/v2\/pages\/277\/revisions"}],"predecessor-version":[{"id":378,"href":"https:\/\/www.mf-schirmbrand.de\/fr\/wp-json\/wp\/v2\/pages\/277\/revisions\/378"}],"wp:attachment":[{"href":"https:\/\/www.mf-schirmbrand.de\/fr\/wp-json\/wp\/v2\/media?parent=277"}],"curies":[{"name":"wp","href":"https:\/\/api.w.org\/{rel}","templated":true}]}}