{"id":354,"date":"2025-06-15T10:07:39","date_gmt":"2025-06-15T08:07:39","guid":{"rendered":"https:\/\/mf.kreativo-media.de\/?page_id=354"},"modified":"2025-06-15T10:10:15","modified_gmt":"2025-06-15T08:10:15","slug":"schweissen","status":"publish","type":"page","link":"https:\/\/www.mf-schirmbrand.de\/fr\/mechanische-fertigung\/schweissen\/","title":{"rendered":"Soudage"},"content":{"rendered":"<div data-elementor-type=\"wp-page\" data-elementor-id=\"354\" class=\"elementor elementor-354\" data-elementor-post-type=\"page\">\n\t\t\t\t<div class=\"elementor-element elementor-element-8c05a7d e-flex e-con-boxed e-con e-parent\" data-id=\"8c05a7d\" data-element_type=\"container\" data-settings=\"{&quot;background_background&quot;:&quot;classic&quot;,&quot;shape_divider_bottom&quot;:&quot;pyramids&quot;}\">\n\t\t\t\t\t<div class=\"e-con-inner\">\n\t\t\t\t<div class=\"elementor-shape elementor-shape-bottom\" aria-hidden=\"true\" data-negative=\"false\">\n\t\t\t<svg xmlns=\"http:\/\/www.w3.org\/2000\/svg\" viewbox=\"0 0 1000 100\" preserveaspectratio=\"none\">\n\t<path class=\"elementor-shape-fill\" d=\"M761.9,44.1L643.1,27.2L333.8,98L0,3.8V0l1000,0v3.9\"\/>\n<\/svg>\t\t<\/div>\n\t\t<div class=\"elementor-element elementor-element-11ac9dd e-con-full e-flex e-con e-child\" data-id=\"11ac9dd\" data-element_type=\"container\">\n\t\t\t\t<div class=\"elementor-element elementor-element-6bab27e elementor-widget elementor-widget-heading\" data-id=\"6bab27e\" data-element_type=\"widget\" data-widget_type=\"heading.default\">\n\t\t\t\t\t<h2 class=\"elementor-heading-title elementor-size-default\">Soudage<\/h2>\t\t\t\t<\/div>\n\t\t\t\t<div class=\"elementor-element elementor-element-ce4ecd6 elementor-widget elementor-widget-heading\" data-id=\"ce4ecd6\" data-element_type=\"widget\" data-widget_type=\"heading.default\">\n\t\t\t\t\t<h2 class=\"elementor-heading-title elementor-size-default\">Fabrication m\u00e9canique<\/h2>\t\t\t\t<\/div>\n\t\t\t\t<\/div>\n\t\t<div class=\"elementor-element elementor-element-ee4aaa6 e-con-full e-flex e-con e-child\" data-id=\"ee4aaa6\" data-element_type=\"container\">\n\t\t\t\t<\/div>\n\t\t\t\t\t<\/div>\n\t\t\t\t<\/div>\n\t\t<div class=\"elementor-element elementor-element-d0cd8da e-flex e-con-boxed e-con e-parent\" data-id=\"d0cd8da\" data-element_type=\"container\">\n\t\t\t\t\t<div class=\"e-con-inner\">\n\t\t\t\t<div class=\"elementor-element elementor-element-897b191 elementor-widget elementor-widget-button\" data-id=\"897b191\" data-element_type=\"widget\" data-widget_type=\"button.default\">\n\t\t\t\t\t\t\t\t\t\t<a class=\"elementor-button elementor-button-link elementor-size-sm\" href=\"\/fr\/mechanische-fertigung\/\">\n\t\t\t\t\t\t<span class=\"elementor-button-content-wrapper\">\n\t\t\t\t\t\t<span class=\"elementor-button-icon\">\n\t\t\t\t<i aria-hidden=\"true\" class=\"icon icon-arrow_left\"><\/i>\t\t\t<\/span>\n\t\t\t\t\t\t\t\t\t<span class=\"elementor-button-text\">retour \u00e0 l'aper\u00e7u<\/span>\n\t\t\t\t\t<\/span>\n\t\t\t\t\t<\/a>\n\t\t\t\t\t\t\t\t<\/div>\n\t\t\t\t\t<\/div>\n\t\t\t\t<\/div>\n\t\t<div class=\"elementor-element elementor-element-177d1b6 e-flex e-con-boxed e-con e-parent\" data-id=\"177d1b6\" data-element_type=\"container\">\n\t\t\t\t\t<div class=\"e-con-inner\">\n\t\t<div class=\"elementor-element elementor-element-8230f1d e-con-full e-flex e-con e-child\" data-id=\"8230f1d\" data-element_type=\"container\">\n\t\t\t\t<div class=\"elementor-element elementor-element-9282972 elementor-widget elementor-widget-heading\" data-id=\"9282972\" data-element_type=\"widget\" data-widget_type=\"heading.default\">\n\t\t\t\t\t<h3 class=\"elementor-heading-title elementor-size-default\">MF Marque de parapluie<\/h3>\t\t\t\t<\/div>\n\t\t\t\t<div class=\"elementor-element elementor-element-702a56c elementor-widget elementor-widget-heading\" data-id=\"702a56c\" data-element_type=\"widget\" data-widget_type=\"heading.default\">\n\t\t\t\t\t<h2 class=\"elementor-heading-title elementor-size-default\">Des assemblages solides - une technique de soudage sur laquelle vous pouvez compter.<\/h2>\t\t\t\t<\/div>\n\t\t\t\t<div class=\"elementor-element elementor-element-840a16c elementor-widget elementor-widget-text-editor\" data-id=\"840a16c\" data-element_type=\"widget\" data-widget_type=\"text-editor.default\">\n\t\t\t\t\t\t\t\t\t<p><strong>Soudage MIG\/MAG<\/strong> est actuellement le proc\u00e9d\u00e9 de soudage aux gaz actifs le plus utilis\u00e9 !<\/p><p><strong>Les points forts :<\/strong><\/p><ul><li><strong>Propri\u00e9t\u00e9s de soudage optimales<\/strong><br \/>Dans le proc\u00e9d\u00e9 MIG\/MAG, l'arc \u00e9lectrique br\u00fble entre le fil de soudage en fusion, aliment\u00e9 automatiquement, et la pi\u00e8ce \u00e0 souder. Un gaz ajout\u00e9 s\u00e9par\u00e9ment prot\u00e8ge l'arc \u00e9lectrique et la zone de soudage de l'acc\u00e8s \u00e0 l'air ext\u00e9rieur.<\/li><li><strong>Rapide et grande r\u00e9sistance des soudures<\/strong><br \/>Le proc\u00e9d\u00e9 MAG\/MIG permet de travailler \u00e0 un rythme tr\u00e8s rapide, \u00e0 haute temp\u00e9rature, sans oxydation sur le cordon de soudure ou sur les pi\u00e8ces et avec une forte r\u00e9sistance de la soudure.<\/li><li><strong>Diversit\u00e9 des mat\u00e9riaux<br \/><\/strong>Presque tous les mat\u00e9riaux pouvant \u00eatre soud\u00e9s peuvent \u00eatre assembl\u00e9s. Dans notre maison, nous assemblons entre autres : Acier inoxydable, acier, aluminium.<\/li><\/ul><p><strong><br \/>Soudage TIG<\/strong> offre de nombreux avantages imbattables, notamment pour le soudage de tubes en cuivre. Nous proposons un syst\u00e8me de soudage TIG sophistiqu\u00e9 et professionnel : la meilleure technologie - pour une r\u00e9alisation rapide et parfaitement adapt\u00e9e de vos sp\u00e9cifications !<\/p><p><br \/><strong>Les points forts :<\/strong><\/p><ul><li><strong>Soudage tout simplement plus efficace avec la technologie activArc<\/strong><br \/>Arc \u00e9lectrique pr\u00e9cis et focalis\u00e9 avec une pression de plasma \u00e9lev\u00e9e pour un soudage rapide et s\u00fbr avec une puissance compens\u00e9e : apport de chaleur cibl\u00e9 ainsi qu'une p\u00e9n\u00e9tration profonde pour une meilleure saisie des racines.<\/li><li><strong>Simple et confortable \u00e0 utiliser<br \/><\/strong>Avec le br\u00fbleur Retox, tous les programmes, modes de fonctionnement et la fonction Up\/Down sont accessibles par simple pression sur un bouton.<\/li><li><strong>Gagner facilement du temps d'agrafage<br \/><\/strong>L'arc \u00e9lectrique est amorc\u00e9 de mani\u00e8re enti\u00e8rement automatique, sans actionnement de la touche du chalumeau, par le seul contact de la pointe de l'\u00e9lectrode avec la pi\u00e8ce \u00e0 travailler. Il est possible de r\u00e9aliser des centaines de points d'agrafage reproductibles sans inclusion de tungst\u00e8ne.<\/li><li><strong>Travailler simplement sans risque d'allumage<\/strong><br \/>Allumage \u00e9lectronique HF reproductible et param\u00e8tres de d\u00e9marrage de soudage adapt\u00e9s pour des conditions d'allumage optimales dans chaque application.<\/li><li><strong>Tout simplement imbattable :<\/strong> Des \u00e9conomies importantes et une qualit\u00e9 optimale.<\/li><\/ul>\t\t\t\t\t\t\t\t<\/div>\n\t\t\t\t<\/div>\n\t\t<div class=\"elementor-element elementor-element-0d7087c e-con-full e-flex e-con e-child\" data-id=\"0d7087c\" data-element_type=\"container\">\n\t\t\t\t<div class=\"elementor-element elementor-element-f887191 elementor-widget elementor-widget-heading\" data-id=\"f887191\" data-element_type=\"widget\" data-widget_type=\"heading.default\">\n\t\t\t\t\t<h2 class=\"elementor-heading-title elementor-size-default\">Contact<\/h2>\t\t\t\t<\/div>\n\t\t\t\t<div class=\"elementor-element elementor-element-37e78e4 elementor-widget elementor-widget-shortcode\" data-id=\"37e78e4\" data-element_type=\"widget\" data-widget_type=\"shortcode.default\">\n\t\t\t\t\t\t\t<div class=\"elementor-shortcode\">\t\t<div data-elementor-type=\"section\" data-elementor-id=\"311\" class=\"elementor elementor-311\" data-elementor-post-type=\"elementor_library\">\n\t\t\t<div class=\"elementor-element elementor-element-55ead52 e-flex e-con-boxed e-con e-parent\" data-id=\"55ead52\" data-element_type=\"container\">\n\t\t\t\t\t<div class=\"e-con-inner\">\n\t\t\t\t<div class=\"elementor-element elementor-element-ba183d2 elementor-widget elementor-widget-text-editor\" data-id=\"ba183d2\" data-element_type=\"widget\" data-widget_type=\"text-editor.default\">\n\t\t\t\t\t\t\t\t\t<p><strong>MF Schirmbrand GmbH &amp; Co. KG<\/strong><br \/>13, rue L\u00fctzelberg<br \/>79369 Wyhl a.K.<\/p>\t\t\t\t\t\t\t\t<\/div>\n\t\t\t\t<div class=\"elementor-element elementor-element-ae8d730 elementor-icon-list--layout-traditional elementor-list-item-link-full_width elementor-widget elementor-widget-icon-list\" data-id=\"ae8d730\" data-element_type=\"widget\" data-widget_type=\"icon-list.default\">\n\t\t\t\t\t\t\t<ul class=\"elementor-icon-list-items\">\n\t\t\t\t\t\t\t<li class=\"elementor-icon-list-item\">\n\t\t\t\t\t\t\t\t\t\t\t<a href=\"tel:004976429202390\">\n\n\t\t\t\t\t\t\t\t\t\t\t\t<span class=\"elementor-icon-list-icon\">\n\t\t\t\t\t\t\t<i aria-hidden=\"true\" class=\"icon icon-phone\"><\/i>\t\t\t\t\t\t<\/span>\n\t\t\t\t\t\t\t\t\t\t<span class=\"elementor-icon-list-text\">+49 (0) 76 42 \/ 920 239-0<\/span>\n\t\t\t\t\t\t\t\t\t\t\t<\/a>\n\t\t\t\t\t\t\t\t\t<\/li>\n\t\t\t\t\t\t\t\t<li class=\"elementor-icon-list-item\">\n\t\t\t\t\t\t\t\t\t\t\t<span class=\"elementor-icon-list-icon\">\n\t\t\t\t\t\t\t<i aria-hidden=\"true\" class=\"icon icon-documents\"><\/i>\t\t\t\t\t\t<\/span>\n\t\t\t\t\t\t\t\t\t\t<span class=\"elementor-icon-list-text\">+49 (0) 76 42 \/ 920 239-10<\/span>\n\t\t\t\t\t\t\t\t\t<\/li>\n\t\t\t\t\t\t\t\t<li class=\"elementor-icon-list-item\">\n\t\t\t\t\t\t\t\t\t\t\t<a href=\"mailto:info@mf-schirmbrand.de\">\n\n\t\t\t\t\t\t\t\t\t\t\t\t<span class=\"elementor-icon-list-icon\">\n\t\t\t\t\t\t\t<i aria-hidden=\"true\" class=\"icon icon-email\"><\/i>\t\t\t\t\t\t<\/span>\n\t\t\t\t\t\t\t\t\t\t<span class=\"elementor-icon-list-text\">info@mf-schirmbrand.de<\/span>\n\t\t\t\t\t\t\t\t\t\t\t<\/a>\n\t\t\t\t\t\t\t\t\t<\/li>\n\t\t\t\t\t\t<\/ul>\n\t\t\t\t\t\t<\/div>\n\t\t\t\t\t<\/div>\n\t\t\t\t<\/div>\n\t\t\t\t<\/div>\n\t\t<\/div>\n\t\t\t\t\t\t<\/div>\n\t\t\t\t<\/div>\n\t\t\t\t\t<\/div>\n\t\t\t\t<\/div>\n\t\t\t\t<\/div>","protected":false},"excerpt":{"rendered":"<p>Schwei\u00dfen Mechanische Fertigung zur\u00fcck zur \u00dcbersicht MF Schirmbrand Feste Verbindungen \u2013 Schwei\u00dftechnik, auf die Sie bauen k\u00f6nnen. MIG\/MAG-Schwei\u00dfen ist derzeit das am meisten genutzte Schwei\u00dfverfahren mit aktiven Gasen! Die Highlights: Optimale Schwei\u00dfeigenschaftenBeim MIG-\/MAG-Verfahren brennt der elektrische Lichtbogen zwischen dem abschmelzenden, automatisch zugef\u00fchrten Schwei\u00dfdraht und dem Werkst\u00fcck. Ein separat zugegebenes Gas sch\u00fctzt den Lichtbogen und die [&hellip;]<\/p>","protected":false},"author":1,"featured_media":0,"parent":277,"menu_order":0,"comment_status":"closed","ping_status":"closed","template":"","meta":{"_acf_changed":false,"footnotes":""},"class_list":["post-354","page","type-page","status-publish","hentry"],"acf":[],"_links":{"self":[{"href":"https:\/\/www.mf-schirmbrand.de\/fr\/wp-json\/wp\/v2\/pages\/354","targetHints":{"allow":["GET"]}}],"collection":[{"href":"https:\/\/www.mf-schirmbrand.de\/fr\/wp-json\/wp\/v2\/pages"}],"about":[{"href":"https:\/\/www.mf-schirmbrand.de\/fr\/wp-json\/wp\/v2\/types\/page"}],"author":[{"embeddable":true,"href":"https:\/\/www.mf-schirmbrand.de\/fr\/wp-json\/wp\/v2\/users\/1"}],"replies":[{"embeddable":true,"href":"https:\/\/www.mf-schirmbrand.de\/fr\/wp-json\/wp\/v2\/comments?post=354"}],"version-history":[{"count":4,"href":"https:\/\/www.mf-schirmbrand.de\/fr\/wp-json\/wp\/v2\/pages\/354\/revisions"}],"predecessor-version":[{"id":358,"href":"https:\/\/www.mf-schirmbrand.de\/fr\/wp-json\/wp\/v2\/pages\/354\/revisions\/358"}],"up":[{"embeddable":true,"href":"https:\/\/www.mf-schirmbrand.de\/fr\/wp-json\/wp\/v2\/pages\/277"}],"wp:attachment":[{"href":"https:\/\/www.mf-schirmbrand.de\/fr\/wp-json\/wp\/v2\/media?parent=354"}],"curies":[{"name":"wp","href":"https:\/\/api.w.org\/{rel}","templated":true}]}}