{"id":368,"date":"2025-06-15T10:14:34","date_gmt":"2025-06-15T08:14:34","guid":{"rendered":"https:\/\/mf.kreativo-media.de\/?page_id=368"},"modified":"2025-06-15T10:16:47","modified_gmt":"2025-06-15T08:16:47","slug":"weichloeten-hartloeten","status":"publish","type":"page","link":"https:\/\/www.mf-schirmbrand.de\/fr\/mechanische-fertigung\/weichloeten-hartloeten\/","title":{"rendered":"Brasage tendre \/ brasage fort"},"content":{"rendered":"<div data-elementor-type=\"wp-page\" data-elementor-id=\"368\" class=\"elementor elementor-368\" data-elementor-post-type=\"page\">\n\t\t\t\t<div class=\"elementor-element elementor-element-8c05a7d e-flex e-con-boxed e-con e-parent\" data-id=\"8c05a7d\" data-element_type=\"container\" data-settings=\"{&quot;background_background&quot;:&quot;classic&quot;,&quot;shape_divider_bottom&quot;:&quot;pyramids&quot;}\">\n\t\t\t\t\t<div class=\"e-con-inner\">\n\t\t\t\t<div class=\"elementor-shape elementor-shape-bottom\" aria-hidden=\"true\" data-negative=\"false\">\n\t\t\t<svg xmlns=\"http:\/\/www.w3.org\/2000\/svg\" viewbox=\"0 0 1000 100\" preserveaspectratio=\"none\">\n\t<path class=\"elementor-shape-fill\" d=\"M761.9,44.1L643.1,27.2L333.8,98L0,3.8V0l1000,0v3.9\"\/>\n<\/svg>\t\t<\/div>\n\t\t<div class=\"elementor-element elementor-element-11ac9dd e-con-full e-flex e-con e-child\" data-id=\"11ac9dd\" data-element_type=\"container\">\n\t\t\t\t<div class=\"elementor-element elementor-element-6bab27e elementor-widget elementor-widget-heading\" data-id=\"6bab27e\" data-element_type=\"widget\" data-widget_type=\"heading.default\">\n\t\t\t\t\t<h2 class=\"elementor-heading-title elementor-size-default\">Brasage tendre \/ brasage fort<\/h2>\t\t\t\t<\/div>\n\t\t\t\t<div class=\"elementor-element elementor-element-ce4ecd6 elementor-widget elementor-widget-heading\" data-id=\"ce4ecd6\" data-element_type=\"widget\" data-widget_type=\"heading.default\">\n\t\t\t\t\t<h2 class=\"elementor-heading-title elementor-size-default\">Fabrication m\u00e9canique<\/h2>\t\t\t\t<\/div>\n\t\t\t\t<\/div>\n\t\t<div class=\"elementor-element elementor-element-ee4aaa6 e-con-full e-flex e-con e-child\" data-id=\"ee4aaa6\" data-element_type=\"container\">\n\t\t\t\t<\/div>\n\t\t\t\t\t<\/div>\n\t\t\t\t<\/div>\n\t\t<div class=\"elementor-element elementor-element-d0cd8da e-flex e-con-boxed e-con e-parent\" data-id=\"d0cd8da\" data-element_type=\"container\">\n\t\t\t\t\t<div class=\"e-con-inner\">\n\t\t\t\t<div class=\"elementor-element elementor-element-897b191 elementor-widget elementor-widget-button\" data-id=\"897b191\" data-element_type=\"widget\" data-widget_type=\"button.default\">\n\t\t\t\t\t\t\t\t\t\t<a class=\"elementor-button elementor-button-link elementor-size-sm\" href=\"\/fr\/mechanische-fertigung\/\">\n\t\t\t\t\t\t<span class=\"elementor-button-content-wrapper\">\n\t\t\t\t\t\t<span class=\"elementor-button-icon\">\n\t\t\t\t<i aria-hidden=\"true\" class=\"icon icon-arrow_left\"><\/i>\t\t\t<\/span>\n\t\t\t\t\t\t\t\t\t<span class=\"elementor-button-text\">retour \u00e0 l'aper\u00e7u<\/span>\n\t\t\t\t\t<\/span>\n\t\t\t\t\t<\/a>\n\t\t\t\t\t\t\t\t<\/div>\n\t\t\t\t\t<\/div>\n\t\t\t\t<\/div>\n\t\t<div class=\"elementor-element elementor-element-177d1b6 e-flex e-con-boxed e-con e-parent\" data-id=\"177d1b6\" data-element_type=\"container\">\n\t\t\t\t\t<div class=\"e-con-inner\">\n\t\t<div class=\"elementor-element elementor-element-8230f1d e-con-full e-flex e-con e-child\" data-id=\"8230f1d\" data-element_type=\"container\">\n\t\t\t\t<div class=\"elementor-element elementor-element-9282972 elementor-widget elementor-widget-heading\" data-id=\"9282972\" data-element_type=\"widget\" data-widget_type=\"heading.default\">\n\t\t\t\t\t<h3 class=\"elementor-heading-title elementor-size-default\">MF Marque de parapluie<\/h3>\t\t\t\t<\/div>\n\t\t\t\t<div class=\"elementor-element elementor-element-702a56c elementor-widget elementor-widget-heading\" data-id=\"702a56c\" data-element_type=\"widget\" data-widget_type=\"heading.default\">\n\t\t\t\t\t<h2 class=\"elementor-heading-title elementor-size-default\">L\u00e0 o\u00f9 d'autres se contentent d'assembler, nous cr\u00e9ons de la r\u00e9sistance - gr\u00e2ce \u00e0 un brasage de pr\u00e9cision.<\/h2>\t\t\t\t<\/div>\n\t\t\t\t<div class=\"elementor-element elementor-element-840a16c elementor-widget elementor-widget-text-editor\" data-id=\"840a16c\" data-element_type=\"widget\" data-widget_type=\"text-editor.default\">\n\t\t\t\t\t\t\t\t\t<p>Nous disposons de\u00a0<strong>sept postes de travail modernes pour le soudage.\u00a0<\/strong>\u00a0Nous utilisons ici exclusivement de la soudure \u00e0 l'argent de haute qualit\u00e9. Nos temp\u00e9ratures de brasage vont de\u00a0<strong>227\u00b0 C jusqu'\u00e0 700\u00b0 C<\/strong>Nous vous proposons des solutions adapt\u00e9es \u00e0 vos besoins sp\u00e9cifiques.<\/p><p>Ainsi, nous vous garantissons \u00e9galement dans ce domaine une\u00a0<strong>qualit\u00e9 exceptionnelle<\/strong>Vous pouvez compter sur nous pour vous aider \u00e0 atteindre vos objectifs.<\/p>\t\t\t\t\t\t\t\t<\/div>\n\t\t\t\t<div class=\"elementor-element elementor-element-3987bc9 gallery-spacing-custom elementor-widget elementor-widget-image-gallery\" data-id=\"3987bc9\" data-element_type=\"widget\" data-widget_type=\"image-gallery.default\">\n\t\t\t\t\t\t\t<div class=\"elementor-image-gallery\">\n\t\t\t<div id='gallery-1' class='gallery galleryid-368 gallery-columns-2 gallery-size-medium_large'><figure class='gallery-item'>\n\t\t\t<div class='gallery-icon landscape'>\n\t\t\t\t<a data-elementor-open-lightbox=\"yes\" data-elementor-lightbox-slideshow=\"3987bc9\" data-elementor-lightbox-title=\"Weichl\u00f6ten \/ Hartl\u00f6ten\" data-e-action-hash=\"#elementor-action%3Aaction%3Dlightbox%26settings%3DeyJpZCI6MzcwLCJ1cmwiOiJodHRwczpcL1wvd3d3Lm1mLXNjaGlybWJyYW5kLmRlXC93cC1jb250ZW50XC91cGxvYWRzXC8yMDI1XC8wNlwvZmxhZWNoZW5icmVubmVyMV8wLmpwZyIsInNsaWRlc2hvdyI6IjM5ODdiYzkifQ%3D%3D\" href='https:\/\/www.mf-schirmbrand.de\/wp-content\/uploads\/2025\/06\/flaechenbrenner1_0.jpg'><img fetchpriority=\"high\" decoding=\"async\" width=\"560\" height=\"300\" src=\"https:\/\/www.mf-schirmbrand.de\/wp-content\/uploads\/2025\/06\/flaechenbrenner1_0.jpg\" class=\"attachment-medium_large size-medium_large\" alt=\"Weichl\u00f6ten \/ Hartl\u00f6ten\" aria-describedby=\"gallery-1-370\" srcset=\"https:\/\/www.mf-schirmbrand.de\/wp-content\/uploads\/2025\/06\/flaechenbrenner1_0.jpg 560w, https:\/\/www.mf-schirmbrand.de\/wp-content\/uploads\/2025\/06\/flaechenbrenner1_0-300x161.jpg 300w\" sizes=\"(max-width: 560px) 100vw, 560px\" \/><\/a>\n\t\t\t<\/div>\n\t\t\t\t<figcaption class='wp-caption-text gallery-caption' id='gallery-1-370'>\n\t\t\t\tBrasage tendre \/ brasage fort\n\t\t\t\t<\/figcaption><\/figure><figure class='gallery-item'>\n\t\t\t<div class='gallery-icon landscape'>\n\t\t\t\t<a data-elementor-open-lightbox=\"yes\" data-elementor-lightbox-slideshow=\"3987bc9\" data-elementor-lightbox-title=\"Weichl\u00f6ten \/ Hartl\u00f6ten\" data-e-action-hash=\"#elementor-action%3Aaction%3Dlightbox%26settings%3DeyJpZCI6MzcxLCJ1cmwiOiJodHRwczpcL1wvd3d3Lm1mLXNjaGlybWJyYW5kLmRlXC93cC1jb250ZW50XC91cGxvYWRzXC8yMDI1XC8wNlwvd2VpY2hsb2V0ZW4xLTEuanBnIiwic2xpZGVzaG93IjoiMzk4N2JjOSJ9\" href='https:\/\/www.mf-schirmbrand.de\/wp-content\/uploads\/2025\/06\/weichloeten1-1.jpg'><img decoding=\"async\" width=\"560\" height=\"300\" src=\"https:\/\/www.mf-schirmbrand.de\/wp-content\/uploads\/2025\/06\/weichloeten1-1.jpg\" class=\"attachment-medium_large size-medium_large\" alt=\"Weichl\u00f6ten \/ Hartl\u00f6ten\" aria-describedby=\"gallery-1-371\" srcset=\"https:\/\/www.mf-schirmbrand.de\/wp-content\/uploads\/2025\/06\/weichloeten1-1.jpg 560w, https:\/\/www.mf-schirmbrand.de\/wp-content\/uploads\/2025\/06\/weichloeten1-1-300x161.jpg 300w\" sizes=\"(max-width: 560px) 100vw, 560px\" \/><\/a>\n\t\t\t<\/div>\n\t\t\t\t<figcaption class='wp-caption-text gallery-caption' id='gallery-1-371'>\n\t\t\t\tBrasage tendre \/ brasage fort\n\t\t\t\t<\/figcaption><\/figure>\n\t\t<\/div>\n\t\t<\/div>\n\t\t\t\t\t\t<\/div>\n\t\t\t\t<\/div>\n\t\t<div class=\"elementor-element elementor-element-0d7087c e-con-full e-flex e-con e-child\" data-id=\"0d7087c\" data-element_type=\"container\">\n\t\t\t\t<div class=\"elementor-element elementor-element-f887191 elementor-widget elementor-widget-heading\" data-id=\"f887191\" data-element_type=\"widget\" data-widget_type=\"heading.default\">\n\t\t\t\t\t<h2 class=\"elementor-heading-title elementor-size-default\">Contact<\/h2>\t\t\t\t<\/div>\n\t\t\t\t<div class=\"elementor-element elementor-element-37e78e4 elementor-widget elementor-widget-shortcode\" data-id=\"37e78e4\" data-element_type=\"widget\" data-widget_type=\"shortcode.default\">\n\t\t\t\t\t\t\t<div class=\"elementor-shortcode\">\t\t<div data-elementor-type=\"section\" data-elementor-id=\"311\" class=\"elementor elementor-311\" data-elementor-post-type=\"elementor_library\">\n\t\t\t<div class=\"elementor-element elementor-element-55ead52 e-flex e-con-boxed e-con e-parent\" data-id=\"55ead52\" data-element_type=\"container\">\n\t\t\t\t\t<div class=\"e-con-inner\">\n\t\t\t\t<div class=\"elementor-element elementor-element-ba183d2 elementor-widget elementor-widget-text-editor\" data-id=\"ba183d2\" data-element_type=\"widget\" data-widget_type=\"text-editor.default\">\n\t\t\t\t\t\t\t\t\t<p><strong>MF Schirmbrand GmbH &amp; Co. KG<\/strong><br \/>13, rue L\u00fctzelberg<br \/>79369 Wyhl a.K.<\/p>\t\t\t\t\t\t\t\t<\/div>\n\t\t\t\t<div class=\"elementor-element elementor-element-ae8d730 elementor-icon-list--layout-traditional elementor-list-item-link-full_width elementor-widget elementor-widget-icon-list\" data-id=\"ae8d730\" data-element_type=\"widget\" data-widget_type=\"icon-list.default\">\n\t\t\t\t\t\t\t<ul class=\"elementor-icon-list-items\">\n\t\t\t\t\t\t\t<li class=\"elementor-icon-list-item\">\n\t\t\t\t\t\t\t\t\t\t\t<a href=\"tel:004976429202390\">\n\n\t\t\t\t\t\t\t\t\t\t\t\t<span class=\"elementor-icon-list-icon\">\n\t\t\t\t\t\t\t<i aria-hidden=\"true\" class=\"icon icon-phone\"><\/i>\t\t\t\t\t\t<\/span>\n\t\t\t\t\t\t\t\t\t\t<span class=\"elementor-icon-list-text\">+49 (0) 76 42 \/ 920 239-0<\/span>\n\t\t\t\t\t\t\t\t\t\t\t<\/a>\n\t\t\t\t\t\t\t\t\t<\/li>\n\t\t\t\t\t\t\t\t<li class=\"elementor-icon-list-item\">\n\t\t\t\t\t\t\t\t\t\t\t<span class=\"elementor-icon-list-icon\">\n\t\t\t\t\t\t\t<i aria-hidden=\"true\" class=\"icon icon-documents\"><\/i>\t\t\t\t\t\t<\/span>\n\t\t\t\t\t\t\t\t\t\t<span class=\"elementor-icon-list-text\">+49 (0) 76 42 \/ 920 239-10<\/span>\n\t\t\t\t\t\t\t\t\t<\/li>\n\t\t\t\t\t\t\t\t<li class=\"elementor-icon-list-item\">\n\t\t\t\t\t\t\t\t\t\t\t<a href=\"mailto:info@mf-schirmbrand.de\">\n\n\t\t\t\t\t\t\t\t\t\t\t\t<span class=\"elementor-icon-list-icon\">\n\t\t\t\t\t\t\t<i aria-hidden=\"true\" class=\"icon icon-email\"><\/i>\t\t\t\t\t\t<\/span>\n\t\t\t\t\t\t\t\t\t\t<span class=\"elementor-icon-list-text\">info@mf-schirmbrand.de<\/span>\n\t\t\t\t\t\t\t\t\t\t\t<\/a>\n\t\t\t\t\t\t\t\t\t<\/li>\n\t\t\t\t\t\t<\/ul>\n\t\t\t\t\t\t<\/div>\n\t\t\t\t\t<\/div>\n\t\t\t\t<\/div>\n\t\t\t\t<\/div>\n\t\t<\/div>\n\t\t\t\t\t\t<\/div>\n\t\t\t\t<\/div>\n\t\t\t\t\t<\/div>\n\t\t\t\t<\/div>\n\t\t\t\t<\/div>","protected":false},"excerpt":{"rendered":"<p>Weichl\u00f6ten \/ Hartl\u00f6ten Mechanische Fertigung zur\u00fcck zur \u00dcbersicht MF Schirmbrand Wo andere nur verbinden, schaffen wir Best\u00e4ndigkeit \u2013 durch pr\u00e4zises L\u00f6ten. Wir verf\u00fcgen \u00fcber\u00a0sieben moderne L\u00f6tarbeitspl\u00e4tze.\u00a0\u00a0Hier setzen wir ausschlie\u00dflich hochwertiges Silberlot ein. Unserer L\u00f6ttemperaturen reichen von\u00a0227\u00b0 C bis hin zu 700\u00b0 C, entsprechend Ihren individuellen Anforderungen. Somit garantieren wir auch\u00a0 Ihnen in diesem Bereich eine\u00a0hervorragende [&hellip;]<\/p>","protected":false},"author":1,"featured_media":0,"parent":277,"menu_order":0,"comment_status":"closed","ping_status":"closed","template":"","meta":{"_acf_changed":false,"footnotes":""},"class_list":["post-368","page","type-page","status-publish","hentry"],"acf":[],"_links":{"self":[{"href":"https:\/\/www.mf-schirmbrand.de\/fr\/wp-json\/wp\/v2\/pages\/368","targetHints":{"allow":["GET"]}}],"collection":[{"href":"https:\/\/www.mf-schirmbrand.de\/fr\/wp-json\/wp\/v2\/pages"}],"about":[{"href":"https:\/\/www.mf-schirmbrand.de\/fr\/wp-json\/wp\/v2\/types\/page"}],"author":[{"embeddable":true,"href":"https:\/\/www.mf-schirmbrand.de\/fr\/wp-json\/wp\/v2\/users\/1"}],"replies":[{"embeddable":true,"href":"https:\/\/www.mf-schirmbrand.de\/fr\/wp-json\/wp\/v2\/comments?post=368"}],"version-history":[{"count":4,"href":"https:\/\/www.mf-schirmbrand.de\/fr\/wp-json\/wp\/v2\/pages\/368\/revisions"}],"predecessor-version":[{"id":374,"href":"https:\/\/www.mf-schirmbrand.de\/fr\/wp-json\/wp\/v2\/pages\/368\/revisions\/374"}],"up":[{"embeddable":true,"href":"https:\/\/www.mf-schirmbrand.de\/fr\/wp-json\/wp\/v2\/pages\/277"}],"wp:attachment":[{"href":"https:\/\/www.mf-schirmbrand.de\/fr\/wp-json\/wp\/v2\/media?parent=368"}],"curies":[{"name":"wp","href":"https:\/\/api.w.org\/{rel}","templated":true}]}}